{"id":2144,"date":"2021-08-26T14:39:49","date_gmt":"2021-08-26T12:39:49","guid":{"rendered":"https:\/\/dotbit.eu\/hr\/?page_id=2144"},"modified":"2022-05-24T15:58:00","modified_gmt":"2022-05-24T13:58:00","slug":"pci-pin","status":"publish","type":"page","link":"https:\/\/dotbit.eu\/hr\/pci-pin\/","title":{"rendered":"PCI PIN"},"content":{"rendered":"\t\t<div data-elementor-type=\"wp-page\" data-elementor-id=\"2144\" class=\"elementor elementor-2144\" data-elementor-post-type=\"page\">\n\t\t\t\t\t\t<section class=\"elementor-section elementor-top-section elementor-element elementor-element-4f750a87 elementor-section-height-min-height elementor-section-content-middle elementor-section-boxed elementor-section-height-default elementor-section-items-middle\" data-id=\"4f750a87\" data-element_type=\"section\" data-e-type=\"section\" data-settings=\"{&quot;background_background&quot;:&quot;classic&quot;}\">\n\t\t\t\t\t\t\t<div class=\"elementor-background-overlay\"><\/div>\n\t\t\t\t\t\t\t<div class=\"elementor-container elementor-column-gap-default\">\n\t\t\t\t\t<div class=\"elementor-column elementor-col-100 elementor-top-column elementor-element elementor-element-a04e9bb\" data-id=\"a04e9bb\" data-element_type=\"column\" data-e-type=\"column\">\n\t\t\t<div class=\"elementor-widget-wrap elementor-element-populated\">\n\t\t\t\t\t\t<div class=\"elementor-element elementor-element-32fa3a1 hero-headline elementor-widget elementor-widget-heading\" data-id=\"32fa3a1\" data-element_type=\"widget\" data-e-type=\"widget\" data-widget_type=\"heading.default\">\n\t\t\t\t<div class=\"elementor-widget-container\">\n\t\t\t\t\t<h1 class=\"elementor-heading-title elementor-size-default\">PCI PIN\n<\/h1>\t\t\t\t<\/div>\n\t\t\t\t<\/div>\n\t\t\t\t<div class=\"elementor-element elementor-element-5afaf8bd elementor-widget elementor-widget-heading\" data-id=\"5afaf8bd\" data-element_type=\"widget\" data-e-type=\"widget\" data-widget_type=\"heading.default\">\n\t\t\t\t<div class=\"elementor-widget-container\">\n\t\t\t\t\t<p class=\"elementor-heading-title elementor-size-default\">PCI PIN i platne sheme<\/p>\t\t\t\t<\/div>\n\t\t\t\t<\/div>\n\t\t\t\t\t<\/div>\n\t\t<\/div>\n\t\t\t\t\t<\/div>\n\t\t<\/section>\n\t\t\t\t<section class=\"elementor-section elementor-top-section elementor-element elementor-element-4dfc2202 elementor-section-height-min-height elementor-section-content-middle elementor-section-boxed elementor-section-height-default elementor-section-items-middle\" data-id=\"4dfc2202\" data-element_type=\"section\" data-e-type=\"section\" data-settings=\"{&quot;background_background&quot;:&quot;classic&quot;}\">\n\t\t\t\t\t\t<div class=\"elementor-container elementor-column-gap-default\">\n\t\t\t\t\t<div class=\"elementor-column elementor-col-50 elementor-top-column elementor-element elementor-element-25c9b6db bread\" data-id=\"25c9b6db\" data-element_type=\"column\" data-e-type=\"column\">\n\t\t\t<div class=\"elementor-widget-wrap elementor-element-populated\">\n\t\t\t\t\t\t<div class=\"elementor-element elementor-element-62bb7892 elementor-widget elementor-widget-html\" data-id=\"62bb7892\" data-element_type=\"widget\" data-e-type=\"widget\" data-widget_type=\"html.default\">\n\t\t\t\t<div class=\"elementor-widget-container\">\n\t\t\t\t\t<nav aria-label=\"breadcrumbs\" class=\"rank-math-breadcrumb\"><p><span class=\"last\">Naslovna<\/span><\/p><\/nav>\t\t\t\t<\/div>\n\t\t\t\t<\/div>\n\t\t\t\t\t<\/div>\n\t\t<\/div>\n\t\t\t\t<div class=\"elementor-column elementor-col-50 elementor-top-column elementor-element elementor-element-50bc19d4\" data-id=\"50bc19d4\" data-element_type=\"column\" data-e-type=\"column\" data-settings=\"{&quot;background_background&quot;:&quot;classic&quot;}\">\n\t\t\t<div class=\"elementor-widget-wrap\">\n\t\t\t\t\t\t\t<\/div>\n\t\t<\/div>\n\t\t\t\t\t<\/div>\n\t\t<\/section>\n\t\t\t\t<section class=\"elementor-section elementor-top-section elementor-element elementor-element-7a633787 elementor-section-content-middle elementor-section-boxed elementor-section-height-default elementor-section-height-default\" data-id=\"7a633787\" data-element_type=\"section\" data-e-type=\"section\" data-settings=\"{&quot;background_background&quot;:&quot;gradient&quot;}\">\n\t\t\t\t\t\t<div class=\"elementor-container elementor-column-gap-default\">\n\t\t\t\t\t<div class=\"elementor-column elementor-col-66 elementor-top-column elementor-element elementor-element-45947e1\" data-id=\"45947e1\" data-element_type=\"column\" data-e-type=\"column\">\n\t\t\t<div class=\"elementor-widget-wrap elementor-element-populated\">\n\t\t\t\t\t\t<div class=\"elementor-element elementor-element-64127da1 elementor-widget elementor-widget-text-editor\" data-id=\"64127da1\" data-element_type=\"widget\" data-e-type=\"widget\" data-widget_type=\"text-editor.default\">\n\t\t\t\t<div class=\"elementor-widget-container\">\n\t\t\t\t\t\t\t\t\tStandard postavlja temelje za tehni\u010dke i operativne zahtjeve osmi\u0161ljene za za\u0161titu podataka vlasnika kartica, a odr\u017eava ga PCI SSC (<a class=\"x-el x-el-a c1-1w c1-1x c1-87 c1-1z c1-20 c1-2t c1-21 c1-6h c1-b c1-6a c1-29 c1-8f c1-8g\" href=\"https:\/\/www.pcisecuritystandards.org\/\" target=\"_blank\" rel=\"noopener\"><u class=\"x-el x-el-span c1-1w c1-1x c1-82 c1-2c c1-29 c1-84 c1-87 c1-b\">PCI Security Standards Council<\/u><\/a> ) &#8211; globalni forum za stalni razvoj, pobolj\u0161anje, pohranu, \u0161irenje i implementaciju sigurnosnih standarda za za\u0161titu podataka o ra\u010dunu . Primjenu standarda osiguravaju platne sheme VISA, MasterCard, Amex, JCB i Discover.\t\t\t\t\t\t\t\t<\/div>\n\t\t\t\t<\/div>\n\t\t\t\t\t<\/div>\n\t\t<\/div>\n\t\t\t\t<div class=\"elementor-column elementor-col-33 elementor-top-column elementor-element elementor-element-2dd8e9ad\" data-id=\"2dd8e9ad\" data-element_type=\"column\" data-e-type=\"column\">\n\t\t\t<div class=\"elementor-widget-wrap elementor-element-populated\">\n\t\t\t\t\t\t<div class=\"elementor-element elementor-element-4ea2f0ea elementor-widget elementor-widget-image\" data-id=\"4ea2f0ea\" data-element_type=\"widget\" data-e-type=\"widget\" data-widget_type=\"image.default\">\n\t\t\t\t<div class=\"elementor-widget-container\">\n\t\t\t\t\t\t\t\t\t\t\t\t\t\t\t<img fetchpriority=\"high\" decoding=\"async\" width=\"400\" height=\"273\" src=\"https:\/\/dotbit.eu\/hr\/wp-content\/uploads\/2021\/04\/rsw_400cg_true.png\" class=\"attachment-large size-large wp-image-810\" alt=\"\" srcset=\"https:\/\/dotbit.eu\/hr\/wp-content\/uploads\/2021\/04\/rsw_400cg_true.png 400w, https:\/\/dotbit.eu\/hr\/wp-content\/uploads\/2021\/04\/rsw_400cg_true-300x205.png 300w\" sizes=\"(max-width: 400px) 100vw, 400px\" \/>\t\t\t\t\t\t\t\t\t\t\t\t\t\t\t<\/div>\n\t\t\t\t<\/div>\n\t\t\t\t\t<\/div>\n\t\t<\/div>\n\t\t\t\t\t<\/div>\n\t\t<\/section>\n\t\t\t\t<section class=\"elementor-section elementor-top-section elementor-element elementor-element-6ceb2474 elementor-section-content-middle split elementor-section-boxed elementor-section-height-default elementor-section-height-default\" data-id=\"6ceb2474\" data-element_type=\"section\" data-e-type=\"section\" data-settings=\"{&quot;background_background&quot;:&quot;gradient&quot;}\">\n\t\t\t\t\t\t\t<div class=\"elementor-background-overlay\"><\/div>\n\t\t\t\t\t\t\t<div class=\"elementor-container elementor-column-gap-default\">\n\t\t\t\t\t<div class=\"elementor-column elementor-col-50 elementor-top-column elementor-element elementor-element-69bfc033 tabs-card__item-content\" data-id=\"69bfc033\" data-element_type=\"column\" data-e-type=\"column\" data-settings=\"{&quot;background_background&quot;:&quot;classic&quot;}\">\n\t\t\t<div class=\"elementor-widget-wrap elementor-element-populated\">\n\t\t\t\t\t<div class=\"elementor-background-overlay\"><\/div>\n\t\t\t\t\t\t<div class=\"elementor-element elementor-element-d776f1b elementor-widget elementor-widget-heading\" data-id=\"d776f1b\" data-element_type=\"widget\" data-e-type=\"widget\" data-widget_type=\"heading.default\">\n\t\t\t\t<div class=\"elementor-widget-container\">\n\t\t\t\t\t<h2 class=\"elementor-heading-title elementor-size-default\">Za koga je?<\/h2>\t\t\t\t<\/div>\n\t\t\t\t<\/div>\n\t\t\t\t\t<\/div>\n\t\t<\/div>\n\t\t\t\t<div class=\"elementor-column elementor-col-50 elementor-top-column elementor-element elementor-element-2ced9778 tabs-card__services\" data-id=\"2ced9778\" data-element_type=\"column\" data-e-type=\"column\" data-settings=\"{&quot;background_background&quot;:&quot;classic&quot;}\">\n\t\t\t<div class=\"elementor-widget-wrap elementor-element-populated\">\n\t\t\t\t\t\t<div class=\"elementor-element elementor-element-34e36db6 elementor-widget elementor-widget-text-editor\" data-id=\"34e36db6\" data-element_type=\"widget\" data-e-type=\"widget\" data-widget_type=\"text-editor.default\">\n\t\t\t\t<div class=\"elementor-widget-container\">\n\t\t\t\t\t\t\t\t\tPCI PIN standard opisuje sigurnosne i proceduralne zahtjeve za banke prihvatitelje i\/ili njihove agente (agente) koji obra\u0111uju ili upravljaju PIN podacima ili su uklju\u010deni u upravljanje kriptografskim klju\u010devima koji \u0161tite PIN podatak kod autorizacije platne transakcije.\t\t\t\t\t\t\t\t<\/div>\n\t\t\t\t<\/div>\n\t\t\t\t\t<\/div>\n\t\t<\/div>\n\t\t\t\t\t<\/div>\n\t\t<\/section>\n\t\t\t\t<section class=\"elementor-section elementor-top-section elementor-element elementor-element-1d0bd6fe elementor-section-boxed elementor-section-height-default elementor-section-height-default\" data-id=\"1d0bd6fe\" data-element_type=\"section\" data-e-type=\"section\">\n\t\t\t\t\t\t<div class=\"elementor-container elementor-column-gap-default\">\n\t\t\t\t\t<div class=\"elementor-column elementor-col-100 elementor-top-column elementor-element elementor-element-6320713a\" data-id=\"6320713a\" data-element_type=\"column\" data-e-type=\"column\">\n\t\t\t<div class=\"elementor-widget-wrap elementor-element-populated\">\n\t\t\t\t\t\t<div class=\"elementor-element elementor-element-c33f82b elementor-widget elementor-widget-heading\" data-id=\"c33f82b\" data-element_type=\"widget\" data-e-type=\"widget\" data-widget_type=\"heading.default\">\n\t\t\t\t<div class=\"elementor-widget-container\">\n\t\t\t\t\t<h2 class=\"elementor-heading-title elementor-size-default\">O standardu<\/h2>\t\t\t\t<\/div>\n\t\t\t\t<\/div>\n\t\t\t\t<div class=\"elementor-element elementor-element-1695d11 elementor-widget elementor-widget-text-editor\" data-id=\"1695d11\" data-element_type=\"widget\" data-e-type=\"widget\" data-widget_type=\"text-editor.default\">\n\t\t\t\t<div class=\"elementor-widget-container\">\n\t\t\t\t\t\t\t\t\t<p>Ovaj standard sadr\u017ei potpuni skup zahtjeva za sigurno upravljanje, obradu i prijenos podataka o osobnom identifikacijskom broju (PIN) tijekom online i offline obrade transakcija platnom karticom na bankomatima (ATM) i terminalima na prodajnim mjestima (POS). Ovi PIN zahtjevi se temelje na ANSI, EMV, ISO, FIPS, NIST i PCI industrijskim standardima. Zahtjevi predstavljeni u ovom standardu organizirani su u sedam povezanih skupina, koje se nazivaju \u201ekontrolni ciljevi\u201c. Ovi su zahtjevi namijenjeni za kori\u0161tenje svim prihvatiteljima platnih transakcija i agentima (npr. karti\u010dni procesori, entiteti za injektiranje kriptografksih klju\u010deva, te entiteti za certifikaciju i registraciju) odgovornima za obradu PIN transakcija, te bi se trebali koristiti zajedno s drugim primjenjivim industrijskim standardima.<br \/><br \/>Ovaj standard:<br \/>\u2022 Identificira minimalne sigurnosne zahtjeve za transakcije razmjene zasnovane na PIN-u.<br \/>\u2022 Navodi minimalne zahtjeve za za\u0161titu PIN-ova i kriptografske klju\u010deve.<br \/>\u2022 Poma\u017ee svim dijelovima maloprodajnog sustava elektroni\u010dkog pla\u0107anja<br \/><br \/>Subjekti mogu biti podlo\u017eni zahtjevima iz vi\u0161e odjeljaka, ovisno o usluzi koju pru\u017eaju.<\/p>\t\t\t\t\t\t\t\t<\/div>\n\t\t\t\t<\/div>\n\t\t\t\t\t<\/div>\n\t\t<\/div>\n\t\t\t\t\t<\/div>\n\t\t<\/section>\n\t\t\t\t<section class=\"elementor-section elementor-top-section elementor-element elementor-element-209cd56d elementor-section-boxed elementor-section-height-default elementor-section-height-default\" data-id=\"209cd56d\" data-element_type=\"section\" data-e-type=\"section\">\n\t\t\t\t\t\t<div class=\"elementor-container elementor-column-gap-default\">\n\t\t\t\t\t<div class=\"elementor-column elementor-col-100 elementor-top-column elementor-element elementor-element-16ce1520\" data-id=\"16ce1520\" data-element_type=\"column\" data-e-type=\"column\">\n\t\t\t<div class=\"elementor-widget-wrap elementor-element-populated\">\n\t\t\t\t\t\t<div class=\"elementor-element elementor-element-2a0cf878 elementor-widget elementor-widget-heading\" data-id=\"2a0cf878\" data-element_type=\"widget\" data-e-type=\"widget\" data-widget_type=\"heading.default\">\n\t\t\t\t<div class=\"elementor-widget-container\">\n\t\t\t\t\t<h2 class=\"elementor-heading-title elementor-size-default\">\u010cemu uskla\u0111enost sa PCI PIN-om<\/h2>\t\t\t\t<\/div>\n\t\t\t\t<\/div>\n\t\t\t\t<div class=\"elementor-element elementor-element-70e98d6 elementor-widget elementor-widget-text-editor\" data-id=\"70e98d6\" data-element_type=\"widget\" data-e-type=\"widget\" data-widget_type=\"text-editor.default\">\n\t\t\t\t<div class=\"elementor-widget-container\">\n\t\t\t\t\t\t\t\t\t<p>Primarno da smanjite rizik ugroze PIN podataka online i offline karti\u010dnih transakcija, ali isto tako da promovirate svoje usluge certificirane od karti\u010dnih platnih shema.<\/p>\t\t\t\t\t\t\t\t<\/div>\n\t\t\t\t<\/div>\n\t\t\t\t\t<\/div>\n\t\t<\/div>\n\t\t\t\t\t<\/div>\n\t\t<\/section>\n\t\t\t\t<\/div>\n\t\t","protected":false},"excerpt":{"rendered":"<p>PCI PIN PCI PIN i platne sheme Standard postavlja temelje za tehni\u010dke i operativne zahtjeve osmi\u0161ljene za za\u0161titu podataka vlasnika kartica, a odr\u017eava ga PCI SSC (PCI Security Standards Council ) &#8211; globalni forum za stalni razvoj, pobolj\u0161anje, pohranu, \u0161irenje i implementaciju sigurnosnih standarda za za\u0161titu podataka o ra\u010dunu . Primjenu standarda osiguravaju platne sheme [&hellip;]<\/p>\n","protected":false},"author":1,"featured_media":0,"parent":0,"menu_order":0,"comment_status":"closed","ping_status":"closed","template":"","meta":{"inline_featured_image":false,"footnotes":""},"class_list":["post-2144","page","type-page","status-publish","hentry"],"_links":{"self":[{"href":"https:\/\/dotbit.eu\/hr\/wp-json\/wp\/v2\/pages\/2144","targetHints":{"allow":["GET"]}}],"collection":[{"href":"https:\/\/dotbit.eu\/hr\/wp-json\/wp\/v2\/pages"}],"about":[{"href":"https:\/\/dotbit.eu\/hr\/wp-json\/wp\/v2\/types\/page"}],"author":[{"embeddable":true,"href":"https:\/\/dotbit.eu\/hr\/wp-json\/wp\/v2\/users\/1"}],"replies":[{"embeddable":true,"href":"https:\/\/dotbit.eu\/hr\/wp-json\/wp\/v2\/comments?post=2144"}],"version-history":[{"count":22,"href":"https:\/\/dotbit.eu\/hr\/wp-json\/wp\/v2\/pages\/2144\/revisions"}],"predecessor-version":[{"id":2353,"href":"https:\/\/dotbit.eu\/hr\/wp-json\/wp\/v2\/pages\/2144\/revisions\/2353"}],"wp:attachment":[{"href":"https:\/\/dotbit.eu\/hr\/wp-json\/wp\/v2\/media?parent=2144"}],"curies":[{"name":"wp","href":"https:\/\/api.w.org\/{rel}","templated":true}]}}