{"id":2150,"date":"2021-08-26T14:45:09","date_gmt":"2021-08-26T12:45:09","guid":{"rendered":"https:\/\/dotbit.eu\/hr\/?page_id=2150"},"modified":"2021-10-05T11:20:07","modified_gmt":"2021-10-05T09:20:07","slug":"pci-3ds","status":"publish","type":"page","link":"https:\/\/dotbit.eu\/hr\/pci-3ds\/","title":{"rendered":"PCI 3DS"},"content":{"rendered":"\t\t<div data-elementor-type=\"wp-page\" data-elementor-id=\"2150\" class=\"elementor elementor-2150\" data-elementor-post-type=\"page\">\n\t\t\t\t\t\t<section class=\"elementor-section elementor-top-section elementor-element elementor-element-1756821b elementor-section-height-min-height elementor-section-content-middle elementor-section-boxed elementor-section-height-default elementor-section-items-middle\" data-id=\"1756821b\" data-element_type=\"section\" data-e-type=\"section\" data-settings=\"{&quot;background_background&quot;:&quot;classic&quot;}\">\n\t\t\t\t\t\t\t<div class=\"elementor-background-overlay\"><\/div>\n\t\t\t\t\t\t\t<div class=\"elementor-container elementor-column-gap-default\">\n\t\t\t\t\t<div class=\"elementor-column elementor-col-100 elementor-top-column elementor-element elementor-element-5854dbff\" data-id=\"5854dbff\" data-element_type=\"column\" data-e-type=\"column\">\n\t\t\t<div class=\"elementor-widget-wrap elementor-element-populated\">\n\t\t\t\t\t\t<div class=\"elementor-element elementor-element-70cccef6 hero-headline elementor-widget elementor-widget-heading\" data-id=\"70cccef6\" data-element_type=\"widget\" data-e-type=\"widget\" data-widget_type=\"heading.default\">\n\t\t\t\t<div class=\"elementor-widget-container\">\n\t\t\t\t\t<h1 class=\"elementor-heading-title elementor-size-default\">PCI 3DS<\/h1>\t\t\t\t<\/div>\n\t\t\t\t<\/div>\n\t\t\t\t<div class=\"elementor-element elementor-element-4b394628 elementor-widget elementor-widget-heading\" data-id=\"4b394628\" data-element_type=\"widget\" data-e-type=\"widget\" data-widget_type=\"heading.default\">\n\t\t\t\t<div class=\"elementor-widget-container\">\n\t\t\t\t\t<p class=\"elementor-heading-title elementor-size-default\">PCI 3DS i platne sheme<\/p>\t\t\t\t<\/div>\n\t\t\t\t<\/div>\n\t\t\t\t\t<\/div>\n\t\t<\/div>\n\t\t\t\t\t<\/div>\n\t\t<\/section>\n\t\t\t\t<section class=\"elementor-section elementor-top-section elementor-element elementor-element-c82dceb elementor-section-height-min-height elementor-section-content-middle elementor-section-boxed elementor-section-height-default elementor-section-items-middle\" data-id=\"c82dceb\" data-element_type=\"section\" data-e-type=\"section\" data-settings=\"{&quot;background_background&quot;:&quot;classic&quot;}\">\n\t\t\t\t\t\t<div class=\"elementor-container elementor-column-gap-default\">\n\t\t\t\t\t<div class=\"elementor-column elementor-col-50 elementor-top-column elementor-element elementor-element-38b2e999 bread\" data-id=\"38b2e999\" data-element_type=\"column\" data-e-type=\"column\">\n\t\t\t<div class=\"elementor-widget-wrap elementor-element-populated\">\n\t\t\t\t\t\t<div class=\"elementor-element elementor-element-5f6afec3 elementor-widget elementor-widget-html\" data-id=\"5f6afec3\" data-element_type=\"widget\" data-e-type=\"widget\" data-widget_type=\"html.default\">\n\t\t\t\t<div class=\"elementor-widget-container\">\n\t\t\t\t\t<nav aria-label=\"breadcrumbs\" class=\"rank-math-breadcrumb\"><p><span class=\"last\">Naslovna<\/span><\/p><\/nav>\t\t\t\t<\/div>\n\t\t\t\t<\/div>\n\t\t\t\t\t<\/div>\n\t\t<\/div>\n\t\t\t\t<div class=\"elementor-column elementor-col-50 elementor-top-column elementor-element elementor-element-7afa8b79\" data-id=\"7afa8b79\" data-element_type=\"column\" data-e-type=\"column\" data-settings=\"{&quot;background_background&quot;:&quot;classic&quot;}\">\n\t\t\t<div class=\"elementor-widget-wrap\">\n\t\t\t\t\t\t\t<\/div>\n\t\t<\/div>\n\t\t\t\t\t<\/div>\n\t\t<\/section>\n\t\t\t\t<section class=\"elementor-section elementor-top-section elementor-element elementor-element-57f49ca8 elementor-section-content-middle elementor-section-boxed elementor-section-height-default elementor-section-height-default\" data-id=\"57f49ca8\" data-element_type=\"section\" data-e-type=\"section\" data-settings=\"{&quot;background_background&quot;:&quot;gradient&quot;}\">\n\t\t\t\t\t\t<div class=\"elementor-container elementor-column-gap-default\">\n\t\t\t\t\t<div class=\"elementor-column elementor-col-66 elementor-top-column elementor-element elementor-element-547a4351\" data-id=\"547a4351\" data-element_type=\"column\" data-e-type=\"column\">\n\t\t\t<div class=\"elementor-widget-wrap elementor-element-populated\">\n\t\t\t\t\t\t<div class=\"elementor-element elementor-element-3536e8f3 elementor-widget elementor-widget-text-editor\" data-id=\"3536e8f3\" data-element_type=\"widget\" data-e-type=\"widget\" data-widget_type=\"text-editor.default\">\n\t\t\t\t<div class=\"elementor-widget-container\">\n\t\t\t\t\t\t\t\t\t<p>Standard postavlja temelje za tehni\u010dke i operativne zahtjeve osmi\u0161ljene za za\u0161titu podataka vlasnika kartica, a odr\u017eava ga <a href=\"https:\/\/www.pcisecuritystandards.org\/\" target=\"_blank\" rel=\"noopener\">Vije\u0107e za sigurnosne standarde<\/a> (PCI SSC) &#8211; globalni forum za stalni razvoj, pobolj\u0161anje, pohranu, \u0161irenje i implementaciju sigurnosnih standarda za za\u0161titu podataka o ra\u010dunu . Primjenu standarda osiguravaju platne sheme VISA, MasterCard, Amex, JCB i Discover.<\/p>\t\t\t\t\t\t\t\t<\/div>\n\t\t\t\t<\/div>\n\t\t\t\t\t<\/div>\n\t\t<\/div>\n\t\t\t\t<div class=\"elementor-column elementor-col-33 elementor-top-column elementor-element elementor-element-605cb63f\" data-id=\"605cb63f\" data-element_type=\"column\" data-e-type=\"column\">\n\t\t\t<div class=\"elementor-widget-wrap elementor-element-populated\">\n\t\t\t\t\t\t<div class=\"elementor-element elementor-element-7fbce2b4 elementor-widget elementor-widget-image\" data-id=\"7fbce2b4\" data-element_type=\"widget\" data-e-type=\"widget\" data-widget_type=\"image.default\">\n\t\t\t\t<div class=\"elementor-widget-container\">\n\t\t\t\t\t\t\t\t\t\t\t\t\t\t\t<img fetchpriority=\"high\" decoding=\"async\" width=\"400\" height=\"273\" src=\"https:\/\/dotbit.eu\/hr\/wp-content\/uploads\/2021\/04\/rsw_400cg_true.png\" class=\"attachment-large size-large wp-image-810\" alt=\"\" srcset=\"https:\/\/dotbit.eu\/hr\/wp-content\/uploads\/2021\/04\/rsw_400cg_true.png 400w, https:\/\/dotbit.eu\/hr\/wp-content\/uploads\/2021\/04\/rsw_400cg_true-300x205.png 300w\" sizes=\"(max-width: 400px) 100vw, 400px\" \/>\t\t\t\t\t\t\t\t\t\t\t\t\t\t\t<\/div>\n\t\t\t\t<\/div>\n\t\t\t\t\t<\/div>\n\t\t<\/div>\n\t\t\t\t\t<\/div>\n\t\t<\/section>\n\t\t\t\t<section class=\"elementor-section elementor-top-section elementor-element elementor-element-29733795 elementor-section-content-middle split elementor-section-boxed elementor-section-height-default elementor-section-height-default\" data-id=\"29733795\" data-element_type=\"section\" data-e-type=\"section\" data-settings=\"{&quot;background_background&quot;:&quot;gradient&quot;}\">\n\t\t\t\t\t\t\t<div class=\"elementor-background-overlay\"><\/div>\n\t\t\t\t\t\t\t<div class=\"elementor-container elementor-column-gap-default\">\n\t\t\t\t\t<div class=\"elementor-column elementor-col-50 elementor-top-column elementor-element elementor-element-6cad3a6d tabs-card__item-content\" data-id=\"6cad3a6d\" data-element_type=\"column\" data-e-type=\"column\" data-settings=\"{&quot;background_background&quot;:&quot;classic&quot;}\">\n\t\t\t<div class=\"elementor-widget-wrap elementor-element-populated\">\n\t\t\t\t\t<div class=\"elementor-background-overlay\"><\/div>\n\t\t\t\t\t\t<div class=\"elementor-element elementor-element-6d4d6fec elementor-widget elementor-widget-heading\" data-id=\"6d4d6fec\" data-element_type=\"widget\" data-e-type=\"widget\" data-widget_type=\"heading.default\">\n\t\t\t\t<div class=\"elementor-widget-container\">\n\t\t\t\t\t<h2 class=\"elementor-heading-title elementor-size-default\">Na koga se odnosi?<\/h2>\t\t\t\t<\/div>\n\t\t\t\t<\/div>\n\t\t\t\t\t<\/div>\n\t\t<\/div>\n\t\t\t\t<div class=\"elementor-column elementor-col-50 elementor-top-column elementor-element elementor-element-7dc9b627 tabs-card__services\" data-id=\"7dc9b627\" data-element_type=\"column\" data-e-type=\"column\" data-settings=\"{&quot;background_background&quot;:&quot;classic&quot;}\">\n\t\t\t<div class=\"elementor-widget-wrap elementor-element-populated\">\n\t\t\t\t\t\t<div class=\"elementor-element elementor-element-74c92602 elementor-widget elementor-widget-text-editor\" data-id=\"74c92602\" data-element_type=\"widget\" data-e-type=\"widget\" data-widget_type=\"text-editor.default\">\n\t\t\t\t<div class=\"elementor-widget-container\">\n\t\t\t\t\t\t\t\t\tOsnovni sigurnosni standard PCI 3DS primjenjuje se na entitete koji izvode ili pru\u017eaju sljede\u0107e\nfunkcije, a kako je definirano u EMVCo 3DS Core specifikaciji:<br><br>\n<ul>\n \t<li>3DS Server (3DSS)<\/li>\n \t<li>3DS Directory Server (DS)<\/li>\n \t<li>3DS Access Control Server (ACS)<\/li>\n<\/ul><br>\nTamo gdje usluga tre\u0107e strane mo\u017ee utjecati na funkcionalnost 3DS-a ili sigurnost 3DS\nokoline (3DE), potrebno je identificirati primjenjive PCI 3DS zahtjeve i\nimplementirati ih. Dok krajnja odgovornost za sigurnost 3D okoline i 3DS podataka pripada 3DS entitetu, pru\u017eatelji usluga \u0107e mo\u017eda morati dokazati uskla\u0111enost s ostalim potencijalno primjenjivim zahtjevima PCI 3DS na temelju usluge koju pru\u017eaju.\t\t\t\t\t\t\t\t<\/div>\n\t\t\t\t<\/div>\n\t\t\t\t\t<\/div>\n\t\t<\/div>\n\t\t\t\t\t<\/div>\n\t\t<\/section>\n\t\t\t\t<section class=\"elementor-section elementor-top-section elementor-element elementor-element-561fc86e elementor-section-boxed elementor-section-height-default elementor-section-height-default\" data-id=\"561fc86e\" data-element_type=\"section\" data-e-type=\"section\">\n\t\t\t\t\t\t<div class=\"elementor-container elementor-column-gap-default\">\n\t\t\t\t\t<div class=\"elementor-column elementor-col-100 elementor-top-column elementor-element elementor-element-54fcdb6d\" data-id=\"54fcdb6d\" data-element_type=\"column\" data-e-type=\"column\">\n\t\t\t<div class=\"elementor-widget-wrap elementor-element-populated\">\n\t\t\t\t\t\t<div class=\"elementor-element elementor-element-79cb8ced elementor-widget elementor-widget-heading\" data-id=\"79cb8ced\" data-element_type=\"widget\" data-e-type=\"widget\" data-widget_type=\"heading.default\">\n\t\t\t\t<div class=\"elementor-widget-container\">\n\t\t\t\t\t<h2 class=\"elementor-heading-title elementor-size-default\">Standard<\/h2>\t\t\t\t<\/div>\n\t\t\t\t<\/div>\n\t\t\t\t<div class=\"elementor-element elementor-element-3f6069ec elementor-widget elementor-widget-text-editor\" data-id=\"3f6069ec\" data-element_type=\"widget\" data-e-type=\"widget\" data-widget_type=\"text-editor.default\">\n\t\t\t\t<div class=\"elementor-widget-container\">\n\t\t\t\t\t\t\t\t\tZahtjevi u PCI 3DS Core Security standardu organizirani su u dva dijela:\n<ul>\n \t<li>Dio 1: Osnovni sigurnosni zahtjevi koji pru\u017eaju tehni\u010dke i operativne sigurnosne zahtjeve osmi\u0161ljene za za\u0161titu okru\u017eenja u kojem se izvode 3DS funkcije. Ovi zahtjevi odra\u017eavaju op\u0107a na\u010dela i prakse za\u0161tite informacija zajedni\u010dke mnogim industrijskim standardima i trebali bi se uzeti u obzir za bilo koju vrstu okru\u017eenja.<\/li>\n \t<li>Dio 2: Sigurnosni zahtjevi 3DS-a koji pru\u017eaju sigurnosne kontrole posebno namijenjene za\u0161titi 3DS podataka, tehnologija i procesa.<\/li>\n<\/ul>\t\t\t\t\t\t\t\t<\/div>\n\t\t\t\t<\/div>\n\t\t\t\t\t<\/div>\n\t\t<\/div>\n\t\t\t\t\t<\/div>\n\t\t<\/section>\n\t\t\t\t<section class=\"elementor-section elementor-top-section elementor-element elementor-element-29bba344 elementor-section-boxed elementor-section-height-default elementor-section-height-default\" data-id=\"29bba344\" data-element_type=\"section\" data-e-type=\"section\">\n\t\t\t\t\t\t<div class=\"elementor-container elementor-column-gap-default\">\n\t\t\t\t\t<div class=\"elementor-column elementor-col-100 elementor-top-column elementor-element elementor-element-2a21d993\" data-id=\"2a21d993\" data-element_type=\"column\" data-e-type=\"column\">\n\t\t\t<div class=\"elementor-widget-wrap elementor-element-populated\">\n\t\t\t\t\t\t<div class=\"elementor-element elementor-element-ef2b71d elementor-widget elementor-widget-heading\" data-id=\"ef2b71d\" data-element_type=\"widget\" data-e-type=\"widget\" data-widget_type=\"heading.default\">\n\t\t\t\t<div class=\"elementor-widget-container\">\n\t\t\t\t\t<h2 class=\"elementor-heading-title elementor-size-default\">Za\u0161to bi moja organizacija trebala biti uskla\u0111ena s PCI 3DS standardom?<\/h2>\t\t\t\t<\/div>\n\t\t\t\t<\/div>\n\t\t\t\t<div class=\"elementor-element elementor-element-5ddabf83 elementor-widget elementor-widget-text-editor\" data-id=\"5ddabf83\" data-element_type=\"widget\" data-e-type=\"widget\" data-widget_type=\"text-editor.default\">\n\t\t\t\t<div class=\"elementor-widget-container\">\n\t\t\t\t\t\t\t\t\tOdgovor je vrlo jednostavan, za\u0161titite svoje sustave i korisnici vam mogu povjeriti svoje osjetljive podatke o platnoj kartici, te se pouzdati da su va\u0161i 3DS sustavi implementirani na siguran na\u010din.\t\t\t\t\t\t\t\t<\/div>\n\t\t\t\t<\/div>\n\t\t\t\t\t<\/div>\n\t\t<\/div>\n\t\t\t\t\t<\/div>\n\t\t<\/section>\n\t\t\t\t<\/div>\n\t\t","protected":false},"excerpt":{"rendered":"<p>PCI 3DS PCI 3DS i platne sheme Standard postavlja temelje za tehni\u010dke i operativne zahtjeve osmi\u0161ljene za za\u0161titu podataka vlasnika kartica, a odr\u017eava ga Vije\u0107e za sigurnosne standarde (PCI SSC) &#8211; globalni forum za stalni razvoj, pobolj\u0161anje, pohranu, \u0161irenje i implementaciju sigurnosnih standarda za za\u0161titu podataka o ra\u010dunu . Primjenu standarda osiguravaju platne sheme VISA, [&hellip;]<\/p>\n","protected":false},"author":1,"featured_media":0,"parent":0,"menu_order":0,"comment_status":"closed","ping_status":"closed","template":"elementor_header_footer","meta":{"inline_featured_image":false,"footnotes":""},"class_list":["post-2150","page","type-page","status-publish","hentry"],"_links":{"self":[{"href":"https:\/\/dotbit.eu\/hr\/wp-json\/wp\/v2\/pages\/2150","targetHints":{"allow":["GET"]}}],"collection":[{"href":"https:\/\/dotbit.eu\/hr\/wp-json\/wp\/v2\/pages"}],"about":[{"href":"https:\/\/dotbit.eu\/hr\/wp-json\/wp\/v2\/types\/page"}],"author":[{"embeddable":true,"href":"https:\/\/dotbit.eu\/hr\/wp-json\/wp\/v2\/users\/1"}],"replies":[{"embeddable":true,"href":"https:\/\/dotbit.eu\/hr\/wp-json\/wp\/v2\/comments?post=2150"}],"version-history":[{"count":7,"href":"https:\/\/dotbit.eu\/hr\/wp-json\/wp\/v2\/pages\/2150\/revisions"}],"predecessor-version":[{"id":2267,"href":"https:\/\/dotbit.eu\/hr\/wp-json\/wp\/v2\/pages\/2150\/revisions\/2267"}],"wp:attachment":[{"href":"https:\/\/dotbit.eu\/hr\/wp-json\/wp\/v2\/media?parent=2150"}],"curies":[{"name":"wp","href":"https:\/\/api.w.org\/{rel}","templated":true}]}}