{"id":2358,"date":"2023-01-23T16:09:06","date_gmt":"2023-01-23T15:09:06","guid":{"rendered":"https:\/\/dotbit.eu\/hr\/?page_id=2358"},"modified":"2025-11-10T20:22:23","modified_gmt":"2025-11-10T19:22:23","slug":"karijera","status":"publish","type":"page","link":"https:\/\/dotbit.eu\/hr\/karijera\/","title":{"rendered":"Karijera"},"content":{"rendered":"\t\t<div data-elementor-type=\"wp-page\" data-elementor-id=\"2358\" class=\"elementor elementor-2358\" data-elementor-post-type=\"page\">\n\t\t\t\t\t\t<section class=\"elementor-section elementor-top-section elementor-element elementor-element-362b6d8e elementor-section-height-min-height elementor-section-content-middle elementor-section-boxed elementor-section-height-default elementor-section-items-middle\" data-id=\"362b6d8e\" data-element_type=\"section\" data-e-type=\"section\" data-settings=\"{&quot;background_background&quot;:&quot;classic&quot;}\">\n\t\t\t\t\t\t\t<div class=\"elementor-background-overlay\"><\/div>\n\t\t\t\t\t\t\t<div class=\"elementor-container elementor-column-gap-default\">\n\t\t\t\t\t<div class=\"elementor-column elementor-col-100 elementor-top-column elementor-element elementor-element-3f147027\" data-id=\"3f147027\" data-element_type=\"column\" data-e-type=\"column\">\n\t\t\t<div class=\"elementor-widget-wrap elementor-element-populated\">\n\t\t\t\t\t\t<div class=\"elementor-element elementor-element-3a121397 hero-headline elementor-widget elementor-widget-heading\" data-id=\"3a121397\" data-element_type=\"widget\" data-e-type=\"widget\" data-widget_type=\"heading.default\">\n\t\t\t\t<div class=\"elementor-widget-container\">\n\t\t\t\t\t<h1 class=\"elementor-heading-title elementor-size-default\">Pridru\u017ei nam se<\/h1>\t\t\t\t<\/div>\n\t\t\t\t<\/div>\n\t\t\t\t\t<\/div>\n\t\t<\/div>\n\t\t\t\t\t<\/div>\n\t\t<\/section>\n\t\t\t\t<section class=\"elementor-section elementor-top-section elementor-element elementor-element-c4cfb61 elementor-section-boxed elementor-section-height-default elementor-section-height-default\" data-id=\"c4cfb61\" data-element_type=\"section\" data-e-type=\"section\">\n\t\t\t\t\t\t<div class=\"elementor-container elementor-column-gap-default\">\n\t\t\t\t\t<div class=\"elementor-column elementor-col-100 elementor-top-column elementor-element elementor-element-0baf4dc\" data-id=\"0baf4dc\" data-element_type=\"column\" data-e-type=\"column\">\n\t\t\t<div class=\"elementor-widget-wrap elementor-element-populated\">\n\t\t\t\t\t\t\t<\/div>\n\t\t<\/div>\n\t\t\t\t\t<\/div>\n\t\t<\/section>\n\t\t\t\t<section class=\"elementor-section elementor-top-section elementor-element elementor-element-8704762 elementor-section-boxed elementor-section-height-default elementor-section-height-default\" data-id=\"8704762\" data-element_type=\"section\" data-e-type=\"section\">\n\t\t\t\t\t\t<div class=\"elementor-container elementor-column-gap-default\">\n\t\t\t\t\t<div class=\"elementor-column elementor-col-100 elementor-top-column elementor-element elementor-element-fec4a75\" data-id=\"fec4a75\" data-element_type=\"column\" data-e-type=\"column\">\n\t\t\t<div class=\"elementor-widget-wrap elementor-element-populated\">\n\t\t\t\t\t\t<div class=\"elementor-element elementor-element-2eea18a elementor-widget__width-initial elementor-widget elementor-widget-text-editor\" data-id=\"2eea18a\" data-element_type=\"widget\" data-e-type=\"widget\" data-widget_type=\"text-editor.default\">\n\t\t\t\t<div class=\"elementor-widget-container\">\n\t\t\t\t\t\t\t\t\t<p>Dot.Bit, vode\u0107a regionalna konzultantska tvrtka specijalizirana za informacijsku sigurnost i jedina ovla\u0161tena QSA tvrtka za savjetovanje i certifikaciju prema PCI DSS standardu u industriji platnih kartica, tra\u017ei poja\u010danje u svojim redovima. Na\u0161e usluge prepoznalo je vi\u0161e od 50 klijenata diljem svijeta, od vode\u0107ih banaka i financijskih institucija do velikih trgovaca u EU i regijama CEMEA i Australiji. Zadovoljstvo postoje\u0107ih klijenata i stalni priljev novih klijenata dokaz su kvalitete na\u0161ih stru\u010dnjaka i znak da smo na pravom putu. Zbog stalnog i brzog rasta, na\u0161 tim treba nove snage.<\/p><p>Otvorena radna mjesta\u00a0<\/p><ul><li><a href=\"https:\/\/dotbit.eu\/hr\/qsa_hr\">PCI QSA (Payment Card Industry Qualified Security Assessor)<\/a><\/li><\/ul><p>\u00a0<\/p>\t\t\t\t\t\t\t\t<\/div>\n\t\t\t\t<\/div>\n\t\t\t\t<div class=\"elementor-element elementor-element-6bdd4f6 elementor-shape-rounded elementor-grid-0 e-grid-align-center elementor-widget elementor-widget-social-icons\" data-id=\"6bdd4f6\" data-element_type=\"widget\" data-e-type=\"widget\" data-widget_type=\"social-icons.default\">\n\t\t\t\t<div class=\"elementor-widget-container\">\n\t\t\t\t\t\t\t<div class=\"elementor-social-icons-wrapper elementor-grid\">\n\t\t\t\t\t\t\t<span class=\"elementor-grid-item\">\n\t\t\t\t\t<a class=\"elementor-icon elementor-social-icon elementor-social-icon-linkedin elementor-repeater-item-c6d9c72\" href=\"https:\/\/www.linkedin.com\/company\/dot-bit\/jobs\" target=\"_blank\" rel=\"noopener\">\n\t\t\t\t\t\t<span class=\"elementor-screen-only\">Linkedin<\/span>\n\t\t\t\t\t\t<i aria-hidden=\"true\" class=\"fab fa-linkedin\"><\/i>\t\t\t\t\t<\/a>\n\t\t\t\t<\/span>\n\t\t\t\t\t<\/div>\n\t\t\t\t\t\t<\/div>\n\t\t\t\t<\/div>\n\t\t\t\t\t<\/div>\n\t\t<\/div>\n\t\t\t\t\t<\/div>\n\t\t<\/section>\n\t\t\t\t<section class=\"elementor-section elementor-top-section elementor-element elementor-element-1b7571e elementor-section-boxed elementor-section-height-default elementor-section-height-default\" data-id=\"1b7571e\" data-element_type=\"section\" data-e-type=\"section\">\n\t\t\t\t\t\t<div class=\"elementor-container elementor-column-gap-default\">\n\t\t\t\t\t<div class=\"elementor-column elementor-col-100 elementor-top-column elementor-element elementor-element-2624210\" data-id=\"2624210\" data-element_type=\"column\" data-e-type=\"column\">\n\t\t\t<div class=\"elementor-widget-wrap elementor-element-populated\">\n\t\t\t\t\t\t<div class=\"elementor-element elementor-element-7a74d5f elementor-widget elementor-widget-text-editor\" data-id=\"7a74d5f\" data-element_type=\"widget\" data-e-type=\"widget\" data-widget_type=\"text-editor.default\">\n\t\t\t\t<div class=\"elementor-widget-container\">\n\t\t\t\t\t\t\t\t\t<p><br><\/p><p>Ako nemamo aktivnih oglasa koji bi vas zanimali, ali vam se svi\u0111a ono \u0161to radimo, jo\u0161 uvijek nas mo\u017eete kontaktirati na careers@dotbit.eu<\/p>\t\t\t\t\t\t\t\t<\/div>\n\t\t\t\t<\/div>\n\t\t\t\t\t<\/div>\n\t\t<\/div>\n\t\t\t\t\t<\/div>\n\t\t<\/section>\n\t\t\t\t<\/div>\n\t\t","protected":false},"excerpt":{"rendered":"<p>Pridru\u017ei nam se Dot.Bit, vode\u0107a regionalna konzultantska tvrtka specijalizirana za informacijsku sigurnost i jedina ovla\u0161tena QSA tvrtka za savjetovanje i certifikaciju prema PCI DSS standardu u industriji platnih kartica, tra\u017ei poja\u010danje u svojim redovima. Na\u0161e usluge prepoznalo je vi\u0161e od 50 klijenata diljem svijeta, od vode\u0107ih banaka i financijskih institucija do velikih trgovaca u EU [&hellip;]<\/p>\n","protected":false},"author":2,"featured_media":0,"parent":0,"menu_order":0,"comment_status":"closed","ping_status":"closed","template":"elementor_header_footer","meta":{"inline_featured_image":false,"footnotes":""},"class_list":["post-2358","page","type-page","status-publish","hentry"],"_links":{"self":[{"href":"https:\/\/dotbit.eu\/hr\/wp-json\/wp\/v2\/pages\/2358","targetHints":{"allow":["GET"]}}],"collection":[{"href":"https:\/\/dotbit.eu\/hr\/wp-json\/wp\/v2\/pages"}],"about":[{"href":"https:\/\/dotbit.eu\/hr\/wp-json\/wp\/v2\/types\/page"}],"author":[{"embeddable":true,"href":"https:\/\/dotbit.eu\/hr\/wp-json\/wp\/v2\/users\/2"}],"replies":[{"embeddable":true,"href":"https:\/\/dotbit.eu\/hr\/wp-json\/wp\/v2\/comments?post=2358"}],"version-history":[{"count":96,"href":"https:\/\/dotbit.eu\/hr\/wp-json\/wp\/v2\/pages\/2358\/revisions"}],"predecessor-version":[{"id":2536,"href":"https:\/\/dotbit.eu\/hr\/wp-json\/wp\/v2\/pages\/2358\/revisions\/2536"}],"wp:attachment":[{"href":"https:\/\/dotbit.eu\/hr\/wp-json\/wp\/v2\/media?parent=2358"}],"curies":[{"name":"wp","href":"https:\/\/api.w.org\/{rel}","templated":true}]}}