{"id":2387,"date":"2024-02-01T12:33:46","date_gmt":"2024-02-01T11:33:46","guid":{"rendered":"https:\/\/dotbit.eu\/hr\/?page_id=2387"},"modified":"2024-02-01T12:37:14","modified_gmt":"2024-02-01T11:37:14","slug":"eu-projekt","status":"publish","type":"page","link":"https:\/\/dotbit.eu\/hr\/eu-projekt\/","title":{"rendered":"EU Projekt"},"content":{"rendered":"\t\t<div data-elementor-type=\"wp-page\" data-elementor-id=\"2387\" class=\"elementor elementor-2387\" data-elementor-post-type=\"page\">\n\t\t\t\t\t\t<section class=\"elementor-section elementor-top-section elementor-element elementor-element-362b6d8e elementor-section-height-min-height elementor-section-content-middle elementor-section-boxed elementor-section-height-default elementor-section-items-middle\" data-id=\"362b6d8e\" data-element_type=\"section\" data-e-type=\"section\" data-settings=\"{&quot;background_background&quot;:&quot;classic&quot;}\">\n\t\t\t\t\t\t\t<div class=\"elementor-background-overlay\"><\/div>\n\t\t\t\t\t\t\t<div class=\"elementor-container elementor-column-gap-default\">\n\t\t\t\t\t<div class=\"elementor-column elementor-col-100 elementor-top-column elementor-element elementor-element-3f147027\" data-id=\"3f147027\" data-element_type=\"column\" data-e-type=\"column\">\n\t\t\t<div class=\"elementor-widget-wrap elementor-element-populated\">\n\t\t\t\t\t\t<div class=\"elementor-element elementor-element-3a121397 hero-headline elementor-widget elementor-widget-heading\" data-id=\"3a121397\" data-element_type=\"widget\" data-e-type=\"widget\" data-widget_type=\"heading.default\">\n\t\t\t\t<div class=\"elementor-widget-container\">\n\t\t\t\t\t<h1 class=\"elementor-heading-title elementor-size-default\">Financira Europska unija<\/h1>\t\t\t\t<\/div>\n\t\t\t\t<\/div>\n\t\t\t\t<div class=\"elementor-element elementor-element-260f20e0 elementor-widget elementor-widget-heading\" data-id=\"260f20e0\" data-element_type=\"widget\" data-e-type=\"widget\" data-widget_type=\"heading.default\">\n\t\t\t\t<div class=\"elementor-widget-container\">\n\t\t\t\t\t<p class=\"elementor-heading-title elementor-size-default\">NextGenerationEU<\/p>\t\t\t\t<\/div>\n\t\t\t\t<\/div>\n\t\t\t\t\t<\/div>\n\t\t<\/div>\n\t\t\t\t\t<\/div>\n\t\t<\/section>\n\t\t\t\t<section class=\"elementor-section elementor-top-section elementor-element elementor-element-c4cfb61 elementor-section-content-middle elementor-section-boxed elementor-section-height-default elementor-section-height-default\" data-id=\"c4cfb61\" data-element_type=\"section\" data-e-type=\"section\">\n\t\t\t\t\t\t<div class=\"elementor-container elementor-column-gap-default\">\n\t\t\t\t\t<div class=\"elementor-column elementor-col-50 elementor-top-column elementor-element elementor-element-0baf4dc\" data-id=\"0baf4dc\" data-element_type=\"column\" data-e-type=\"column\">\n\t\t\t<div class=\"elementor-widget-wrap elementor-element-populated\">\n\t\t\t\t\t\t<div class=\"elementor-element elementor-element-6515ead elementor-widget elementor-widget-image\" data-id=\"6515ead\" data-element_type=\"widget\" data-e-type=\"widget\" data-widget_type=\"image.default\">\n\t\t\t\t<div class=\"elementor-widget-container\">\n\t\t\t\t\t\t\t\t\t\t\t\t\t\t\t<img fetchpriority=\"high\" decoding=\"async\" width=\"800\" height=\"226\" src=\"https:\/\/dotbit.eu\/hr\/wp-content\/uploads\/2024\/02\/HR_Financira_Europska_unija_RGB_POS-1024x289.png\" class=\"attachment-large size-large wp-image-2391\" alt=\"\" srcset=\"https:\/\/dotbit.eu\/hr\/wp-content\/uploads\/2024\/02\/HR_Financira_Europska_unija_RGB_POS-1024x289.png 1024w, https:\/\/dotbit.eu\/hr\/wp-content\/uploads\/2024\/02\/HR_Financira_Europska_unija_RGB_POS-300x85.png 300w, https:\/\/dotbit.eu\/hr\/wp-content\/uploads\/2024\/02\/HR_Financira_Europska_unija_RGB_POS-768x216.png 768w, https:\/\/dotbit.eu\/hr\/wp-content\/uploads\/2024\/02\/HR_Financira_Europska_unija_RGB_POS-1536x433.png 1536w, https:\/\/dotbit.eu\/hr\/wp-content\/uploads\/2024\/02\/HR_Financira_Europska_unija_RGB_POS-2048x577.png 2048w\" sizes=\"(max-width: 800px) 100vw, 800px\" \/>\t\t\t\t\t\t\t\t\t\t\t\t\t\t\t<\/div>\n\t\t\t\t<\/div>\n\t\t\t\t\t<\/div>\n\t\t<\/div>\n\t\t\t\t<div class=\"elementor-column elementor-col-50 elementor-top-column elementor-element elementor-element-94bdf85\" data-id=\"94bdf85\" data-element_type=\"column\" data-e-type=\"column\">\n\t\t\t<div class=\"elementor-widget-wrap elementor-element-populated\">\n\t\t\t\t\t\t<div class=\"elementor-element elementor-element-6e009e3 elementor-widget elementor-widget-image\" data-id=\"6e009e3\" data-element_type=\"widget\" data-e-type=\"widget\" data-widget_type=\"image.default\">\n\t\t\t\t<div class=\"elementor-widget-container\">\n\t\t\t\t\t\t\t\t\t\t\t\t\t\t\t<img decoding=\"async\" width=\"512\" height=\"108\" src=\"https:\/\/dotbit.eu\/hr\/wp-content\/uploads\/2024\/02\/mgor-logo.png\" class=\"attachment-large size-large wp-image-2390\" alt=\"\" srcset=\"https:\/\/dotbit.eu\/hr\/wp-content\/uploads\/2024\/02\/mgor-logo.png 512w, https:\/\/dotbit.eu\/hr\/wp-content\/uploads\/2024\/02\/mgor-logo-300x63.png 300w\" sizes=\"(max-width: 512px) 100vw, 512px\" \/>\t\t\t\t\t\t\t\t\t\t\t\t\t\t\t<\/div>\n\t\t\t\t<\/div>\n\t\t\t\t\t<\/div>\n\t\t<\/div>\n\t\t\t\t\t<\/div>\n\t\t<\/section>\n\t\t\t\t<section class=\"elementor-section elementor-top-section elementor-element elementor-element-665a519 elementor-section-boxed elementor-section-height-default elementor-section-height-default\" data-id=\"665a519\" data-element_type=\"section\" data-e-type=\"section\">\n\t\t\t\t\t\t<div class=\"elementor-container elementor-column-gap-default\">\n\t\t\t\t\t<div class=\"elementor-column elementor-col-100 elementor-top-column elementor-element elementor-element-2ac82de\" data-id=\"2ac82de\" data-element_type=\"column\" data-e-type=\"column\">\n\t\t\t<div class=\"elementor-widget-wrap elementor-element-populated\">\n\t\t\t\t\t\t<div class=\"elementor-element elementor-element-cb26975 elementor-widget elementor-widget-text-editor\" data-id=\"cb26975\" data-element_type=\"widget\" data-e-type=\"widget\" data-widget_type=\"text-editor.default\">\n\t\t\t\t<div class=\"elementor-widget-container\">\n\t\t\t\t\t\t\t\t\t<p><b>Kod projekta:<\/b><\/p><p><span style=\"font-weight: 400;\">NPOO.C1.1.2.R2-I3.02.0330<\/span><\/p><p><b>Naziv projekta:<\/b><\/p><p><span style=\"font-weight: 400;\">Razvoj Dot.Bit CyberSecurity Portala<\/span><\/p><p><b>Kratki opis projekta:<\/b><\/p><p><span style=\"font-weight: 400;\">Projektom \u201cRazvoj Dot.Bit CyberSecurity Portala\u201d cilj je razvoj te optimizacija portala s pripadaju\u0107im funkcionalnostima putem kojega \u0107e se na vremenski i tro\u0161kovno efikasan na\u010din pru\u017eati usluge klijentima u industriji platnih kartica i op\u0107enito subjektima koji podr\u017eavaju ili preuzimaju transakcije platnim karticama, te su obvezni biti uskla\u0111eni s PCI DSS-om ili drugim srodnim me\u0111unarodnim standardima kao \u0161to su PCI PIN, PCI 3DS, ISO 27001, SWIFT CSP, PSD2, EU NIS i CCSS.<\/span><\/p><p><b>Ciljevi i o\u010dekivani rezultati projekta:<\/b><\/p><p><span style=\"font-weight: 400;\">Rezultat ovog projekta biti \u0107e inovativni digitalni alat kojim \u0107e se pomo\u0107i tvrtkama svih veli\u010dina, velikim i zrelim, kao i malim i srednjim poduze\u0107ima da ostanu ili tek postanu uskla\u0111eni prema me\u0111unarodnim standardima i regulativama na jednostavniji te vremenski i tro\u0161kovno efikasniji na\u010din nego do sada te da postanu otporniji na nove prijetnje vezane uz kiberneti\u010dku sigurnosti, osposobe se nositi s tim prijetnjama i uspostave obrambeni sustav za kiberneti\u010dku sigurnost na u\u010dinkovit i isplativ na\u010din. Projekt &#8220;Razvoj Dot.Bit CyberSecurity Portala&#8221; ima za cilj omogu\u0107iti pru\u017eanje potrebnih sigurnosnih alata poduze\u0107ima u razli\u010ditim sektorima, onima u financijskom sektoru, tradicionalnom bankarstvu, raznim pru\u017eateljima usluga pla\u0107anja, fintech start-upovima, subjektima u maloprodaji, kao i drugim nefinancijskim tvrtkama i NVO-ima. SAQ portal omogu\u0107iti \u0107e preuzimateljima i njihovim trgovcima mogu\u0107nost brzog i jednostavnog ispunjavanja zahtjeva sukladnosti s PCI DSS-om i odr\u017eavanje statusa uskla\u0111enosti kako to zahtijevaju brendovi pla\u0107anja (Visa, MasterCard, American Express, Diners, Discover, JCB).<\/span><\/p><p><b>Ukupna vrijednost projekta:<\/b><\/p><p><span style=\"font-weight: 400;\">187.907,51 \u20ac<\/span><\/p><p><b>Iznos bespovratnih sredstava:<\/b><\/p><p><span style=\"font-weight: 400;\">87.181,14 \u20ac<\/span><\/p><p><b>Razdoblje provedbe projekta:<\/b><\/p><p><span style=\"font-weight: 400;\">od 1.2.2023. do 1.2.2024.<\/span><\/p><p><b>Kontakti za vi\u0161e informacija:<\/b><\/p><p><span style=\"font-weight: 400;\">info@dotbit.eu<\/span><\/p><p style=\"caret-color: rgba(2, 2, 5, 0.76); color: rgba(2, 2, 5, 0.76); font-size: 18px;\"><a href=\"https:\/\/fondovieu.gov.hr\/\" target=\"_blank\" rel=\"noopener\"><span style=\"font-weight: 400;\">fondovieu.gov.hr<\/span><\/a><\/p>\t\t\t\t\t\t\t\t<\/div>\n\t\t\t\t<\/div>\n\t\t\t\t\t<\/div>\n\t\t<\/div>\n\t\t\t\t\t<\/div>\n\t\t<\/section>\n\t\t\t\t<\/div>\n\t\t","protected":false},"excerpt":{"rendered":"<p>Financira Europska unija NextGenerationEU Kod projekta: NPOO.C1.1.2.R2-I3.02.0330 Naziv projekta: Razvoj Dot.Bit CyberSecurity Portala Kratki opis projekta: Projektom \u201cRazvoj Dot.Bit CyberSecurity Portala\u201d cilj je razvoj te optimizacija portala s pripadaju\u0107im funkcionalnostima putem kojega \u0107e se na vremenski i tro\u0161kovno efikasan na\u010din pru\u017eati usluge klijentima u industriji platnih kartica i op\u0107enito subjektima koji podr\u017eavaju ili preuzimaju transakcije [&hellip;]<\/p>\n","protected":false},"author":2,"featured_media":0,"parent":0,"menu_order":0,"comment_status":"closed","ping_status":"closed","template":"elementor_header_footer","meta":{"inline_featured_image":false,"footnotes":""},"class_list":["post-2387","page","type-page","status-publish","hentry"],"_links":{"self":[{"href":"https:\/\/dotbit.eu\/hr\/wp-json\/wp\/v2\/pages\/2387","targetHints":{"allow":["GET"]}}],"collection":[{"href":"https:\/\/dotbit.eu\/hr\/wp-json\/wp\/v2\/pages"}],"about":[{"href":"https:\/\/dotbit.eu\/hr\/wp-json\/wp\/v2\/types\/page"}],"author":[{"embeddable":true,"href":"https:\/\/dotbit.eu\/hr\/wp-json\/wp\/v2\/users\/2"}],"replies":[{"embeddable":true,"href":"https:\/\/dotbit.eu\/hr\/wp-json\/wp\/v2\/comments?post=2387"}],"version-history":[{"count":7,"href":"https:\/\/dotbit.eu\/hr\/wp-json\/wp\/v2\/pages\/2387\/revisions"}],"predecessor-version":[{"id":2397,"href":"https:\/\/dotbit.eu\/hr\/wp-json\/wp\/v2\/pages\/2387\/revisions\/2397"}],"wp:attachment":[{"href":"https:\/\/dotbit.eu\/hr\/wp-json\/wp\/v2\/media?parent=2387"}],"curies":[{"name":"wp","href":"https:\/\/api.w.org\/{rel}","templated":true}]}}