{"id":2498,"date":"2025-11-09T23:15:50","date_gmt":"2025-11-09T22:15:50","guid":{"rendered":"https:\/\/dotbit.eu\/hr\/?page_id=2498"},"modified":"2025-12-23T12:10:33","modified_gmt":"2025-12-23T11:10:33","slug":"qsa_hr","status":"publish","type":"page","link":"https:\/\/dotbit.eu\/hr\/qsa_hr\/","title":{"rendered":"qsa_hr"},"content":{"rendered":"\t\t<div data-elementor-type=\"wp-page\" data-elementor-id=\"2498\" class=\"elementor elementor-2498\" data-elementor-post-type=\"page\">\n\t\t\t\t\t\t<section class=\"elementor-section elementor-top-section elementor-element elementor-element-5819c10a elementor-section-height-min-height elementor-section-content-middle elementor-section-boxed elementor-section-height-default elementor-section-items-middle\" data-id=\"5819c10a\" data-element_type=\"section\" data-e-type=\"section\" data-settings=\"{&quot;background_background&quot;:&quot;classic&quot;}\">\n\t\t\t\t\t\t\t<div class=\"elementor-background-overlay\"><\/div>\n\t\t\t\t\t\t\t<div class=\"elementor-container elementor-column-gap-default\">\n\t\t\t\t\t<div class=\"elementor-column elementor-col-100 elementor-top-column elementor-element elementor-element-6e0bfc0e\" data-id=\"6e0bfc0e\" data-element_type=\"column\" data-e-type=\"column\">\n\t\t\t<div class=\"elementor-widget-wrap elementor-element-populated\">\n\t\t\t\t\t\t<div class=\"elementor-element elementor-element-166f60b9 hero-headline elementor-widget elementor-widget-heading\" data-id=\"166f60b9\" data-element_type=\"widget\" data-e-type=\"widget\" data-widget_type=\"heading.default\">\n\t\t\t\t<div class=\"elementor-widget-container\">\n\t\t\t\t\t<h1 class=\"elementor-heading-title elementor-size-default\">Pridru\u017ei nam se<\/h1>\t\t\t\t<\/div>\n\t\t\t\t<\/div>\n\t\t\t\t<div class=\"elementor-element elementor-element-3002400 elementor-widget elementor-widget-heading\" data-id=\"3002400\" data-element_type=\"widget\" data-e-type=\"widget\" data-widget_type=\"heading.default\">\n\t\t\t\t<div class=\"elementor-widget-container\">\n\t\t\t\t\t<p class=\"elementor-heading-title elementor-size-default\">na sljede\u0107im pozicijama<\/p>\t\t\t\t<\/div>\n\t\t\t\t<\/div>\n\t\t\t\t\t<\/div>\n\t\t<\/div>\n\t\t\t\t\t<\/div>\n\t\t<\/section>\n\t\t\t\t<section class=\"elementor-section elementor-top-section elementor-element elementor-element-54dd5a03 elementor-section-boxed elementor-section-height-default elementor-section-height-default\" data-id=\"54dd5a03\" data-element_type=\"section\" data-e-type=\"section\">\n\t\t\t\t\t\t<div class=\"elementor-container elementor-column-gap-default\">\n\t\t\t\t\t<div class=\"elementor-column elementor-col-100 elementor-top-column elementor-element elementor-element-186a23a0\" data-id=\"186a23a0\" data-element_type=\"column\" data-e-type=\"column\">\n\t\t\t<div class=\"elementor-widget-wrap elementor-element-populated\">\n\t\t\t\t\t\t\t<\/div>\n\t\t<\/div>\n\t\t\t\t\t<\/div>\n\t\t<\/section>\n\t\t\t\t<section class=\"elementor-section elementor-top-section elementor-element elementor-element-4e32b8c5 elementor-section-boxed elementor-section-height-default elementor-section-height-default\" data-id=\"4e32b8c5\" data-element_type=\"section\" data-e-type=\"section\">\n\t\t\t\t\t\t<div class=\"elementor-container elementor-column-gap-default\">\n\t\t\t\t\t<div class=\"elementor-column elementor-col-100 elementor-top-column elementor-element elementor-element-10d26c9e\" data-id=\"10d26c9e\" data-element_type=\"column\" data-e-type=\"column\">\n\t\t\t<div class=\"elementor-widget-wrap elementor-element-populated\">\n\t\t\t\t\t\t<div class=\"elementor-element elementor-element-385295b8 elementor-widget elementor-widget-text-editor\" data-id=\"385295b8\" data-element_type=\"widget\" data-e-type=\"widget\" data-widget_type=\"text-editor.default\">\n\t\t\t\t<div class=\"elementor-widget-container\">\n\t\t\t\t\t\t\t\t\t<p><b>Kvalificirani revizor za sigurnost (PCI QSA) <\/b><\/p><p>Kao brzorastu\u0107a kompanija tra\u017eimo kolegicu ili kolegu koji \u0107e nam pomo\u0107i osigurati isporuku na\u0161ih usluga, to\u010dnije revizija uskla\u0111enosti s PCI DSS-om, te konzultantskih usluga u domeni posla koji obavlja <em>Qualified Security Assessor (QSA).<\/em><\/p><p><strong>Odgovornosti<\/strong><\/p><p>Kao konzultant postajete oslonac i primarni kontakt klijentima za sva pitanja oko provo\u0111enja PCI DSS sukladnosti, te pru\u017eanja savjeta o kiberneti\u010dkoj sigurnosti klijentima u raznim sektorima i industrijama. Kroz va\u0161u stru\u010dnost i znanje provodite revizije sigurnosti karti\u010dnog poslovanja klijenata u odnosu na PCI DSS standard, pi\u0161ete detaljna analiti\u010dka izvje\u0161\u0107a o uskla\u0111enosti, te upravljate cijelim tijekom certifikacije klijenta.<\/p><p>Pripremate, organizirate i podr\u017eavate sve isporuke prema klijentima od onboarding-a klijenata, GAP analize, procjene sigurnosnih rizika sve do potpisivanja samog certifikata, i to sve kroz anga\u017emane na lokaciji klijenta ili udaljeno.<\/p><p><strong>O poslu i procesima ..<\/strong><\/p><p>Ovaj posao od vas \u0107e zahtijevati da se upoznate sa nekim bitnim procesima, te da ih revno provodite, pa shodno tome;<\/p><ul><li>revidirate dokumentaciju koja se odnosi na PCI DSS uskla\u0111enost, uklju\u010duju\u0107i politike, procedure, standarde i zakonodavne direktive,<\/li><li>provodite tehni\u010dke hands-on revizije sustava kao \u0161to su firewall-i, router-i, operativni sustavi, aplikacije, servisi, baze podataka, IPS, FIM, SIEM i sl.<\/li><li>intervjuirate specijaliste iz raznih IT domena kako bi saznali sve relevantne informacije o sustavima i procesima koji imaju utjecaj na sigurnost karti\u010dnih podataka,<\/li><li>pru\u017eate podr\u0161ku kod otklanjanja nedostatka u nalazima revizije, te savjetujete klijente o sigurnosnim aspektima administracije i odr\u017eavanja sigurnosnih procesa i dokumentacije, infrastrukturnih komponenti, aplikacija, usluga i sigurnosnih sustava,<\/li><li>isporu\u010dujete detaljna izvje\u0161\u0107a prema propisanoj praksi izvje\u0161\u0107ivanja,<\/li><\/ul><p><strong>Nu\u017eno iskustvo<\/strong><\/p><p>Potrebno je znanje i iskustvo o informacijskoj sigurnosti i IT procesima za provo\u0111enje tehni\u010dki slo\u017eenih sigurnosnih procjena stoga<\/p><ul><li>Posjedujete <u>najmanje godinu dana<\/u> iskustva u svakoj od sljede\u0107ih disciplina informacijske sigurnosti (iskustvo se mo\u017ee ste\u0107i istodobno\u2014na primjer, ako je uloga uklju\u010divala iskustvo u vi\u0161e disciplina u isto vrijeme):<ul><li>Sigurnost aplikacija<\/li><li>Sigurnost informacijskih sustava<\/li><li>Sigurnost informacijskih mre\u017ea<\/li><\/ul><\/li><li>Posjedujete <u>najmanje godinu dana<\/u> iskustva u svakoj od sljede\u0107ih revizija\/procjena discipline (iskustvo se mo\u017ee stjecati istodobno):<ul><li>Revizija IT sigurnosti<\/li><li>Procjena rizika informacijske sigurnosti ili upravljanje rizikom<\/li><\/ul><\/li><li>Posjedujete barem jedan od sljede\u0107ih akreditiranih, industrijski priznatih profesionalnih certifikata:<ul><li>CISSP, CISM, ISO 27001 LA<\/li><li>CISA, GSNA, ISO 27001 IA, IRCA ISMS Auditor, CIA<\/li><\/ul><\/li><\/ul><ul><li>Imate tehni\u010dki background, poznajte mre\u017ee i mo\u017eete razumjeti konfiguraciju firewall-a ili routera, snalazite se sa Windows i Unix operacijskim sustavima, poznajete baze podataka i nije vam strano napisati SQL upit, oku\u0161ali ste se u kodiranju u nekom od programskih jezika, znate \u0161to je OWASP Top 10, poznajete virtualne tehnologije, imate iskustva sa cloud-om, znate \u0161to je SIEM.<\/li><li>Poznajete osnovne mehanizme u kriptografiji, te znate \u0161to su pojmovi HSM, PKI, ECB, AES, RSA, TLS, SSH \u2026<\/li><\/ul><p><strong>Prednost imate ako<\/strong><\/p><ul><li>poznajete poslovne procese u industriji platnih kartica, poglavito kod prihvata i obrade karti\u010dnih transakcija i znate razliku izme\u0111u card-present i card-not-present transakcije,<\/li><li>imate i CISSP i CISA certifikat<\/li><\/ul><p><strong>Kompetencije<\/strong><\/p><ul><li>pozitivna ste osoba dobre volje, komunikativni i opu\u0161teni ste sa ljudima,<\/li><li>u stanju ste rije\u0161iti slo\u017eene probleme poput otkrivanja toka karti\u010dnih podataka u bespu\u0107ima mre\u017ene infrastrukture,<\/li><li>imate potencijal analiziranja velike koli\u010dine informacija, obrade i analize informacija iz razli\u010ditih izvora,<\/li><li>skloni ste kreativnom i kriti\u010dkom razmi\u0161ljanju, odlu\u010dni u dono\u0161enju odluka, nije vam strano u\u010denje i brzo usvajanje novih vje\u0161tina i znanja, te generiranje novih ideja, rje\u0161avanje problema, konceptualno i vizualno razmi\u0161ljanje,<\/li><li>odli\u010dni u komunikaciji s ljudima i s socijalnim vje\u0161tinama (jasno i glasno pri\u010date, dobro slu\u0161ate, imate i oko i uho za detalje, i u stanju ste argumentirati i uvjeriti sugovornika),<\/li><li>lako se umre\u017eavate s ljudima u cilju ja\u010danja odnosa, te koristite emocionalnu inteligenciju i osobnu bliskost,<\/li><li>usmjereni ste na rezultate,<\/li><li>volite putovati i isprobavati nove stvari,<\/li><li>you can write and speak English, fluently<\/li><\/ul><p><strong>\u0160to nudimo<\/strong><\/p><ul><li>stimulativnu pla\u0107u u rangu sa iskustvom i obavljenim poslom,<\/li><li>rad na velikim i izazovnim projektima u brzorastu\u0107im industrijama,<\/li><li>mentorstvo iskusnijih kolega, te prilike za u\u010denje i konstanto usavr\u0161avanje, te pla\u0107ene edukacije i ispite<\/li><li>fleksibilno radno vrijeme, mogu\u0107nost rada od doma<\/li><li>dodatno zdravstveno osiguranje<\/li><\/ul>\t\t\t\t\t\t\t\t<\/div>\n\t\t\t\t<\/div>\n\t\t\t\t\t<\/div>\n\t\t<\/div>\n\t\t\t\t\t<\/div>\n\t\t<\/section>\n\t\t\t\t<section class=\"elementor-section elementor-top-section elementor-element elementor-element-6c78488b elementor-section-boxed elementor-section-height-default elementor-section-height-default\" data-id=\"6c78488b\" data-element_type=\"section\" data-e-type=\"section\">\n\t\t\t\t\t\t<div class=\"elementor-container elementor-column-gap-default\">\n\t\t\t\t\t<div class=\"elementor-column elementor-col-100 elementor-top-column elementor-element elementor-element-71509b38\" data-id=\"71509b38\" data-element_type=\"column\" data-e-type=\"column\">\n\t\t\t<div class=\"elementor-widget-wrap elementor-element-populated\">\n\t\t\t\t\t\t<div class=\"elementor-element elementor-element-57790c20 elementor-widget elementor-widget-text-editor\" data-id=\"57790c20\" data-element_type=\"widget\" data-e-type=\"widget\" data-widget_type=\"text-editor.default\">\n\t\t\t\t<div class=\"elementor-widget-container\">\n\t\t\t\t\t\t\t\t\t<p>Svoj \u017eivotopis po\u0161alji na careers@dotbit.eu ili na <a href=\"https:\/\/forms.office.com\/e\/G2QZ2W7R9e?origin=lprLink\" target=\"_blank\" rel=\"noopener\">putem poveznice za prijavu<\/a><\/p>\t\t\t\t\t\t\t\t<\/div>\n\t\t\t\t<\/div>\n\t\t\t\t\t<\/div>\n\t\t<\/div>\n\t\t\t\t\t<\/div>\n\t\t<\/section>\n\t\t\t\t<\/div>\n\t\t","protected":false},"excerpt":{"rendered":"<p>Pridru\u017ei nam se na sljede\u0107im pozicijama Kvalificirani revizor za sigurnost (PCI QSA) Kao brzorastu\u0107a kompanija tra\u017eimo kolegicu ili kolegu koji \u0107e nam pomo\u0107i osigurati isporuku na\u0161ih usluga, to\u010dnije revizija uskla\u0111enosti s PCI DSS-om, te konzultantskih usluga u domeni posla koji obavlja Qualified Security Assessor (QSA). Odgovornosti Kao konzultant postajete oslonac i primarni kontakt klijentima za [&hellip;]<\/p>\n","protected":false},"author":2,"featured_media":0,"parent":0,"menu_order":0,"comment_status":"closed","ping_status":"closed","template":"elementor_header_footer","meta":{"inline_featured_image":false,"footnotes":""},"class_list":["post-2498","page","type-page","status-publish","hentry"],"_links":{"self":[{"href":"https:\/\/dotbit.eu\/hr\/wp-json\/wp\/v2\/pages\/2498","targetHints":{"allow":["GET"]}}],"collection":[{"href":"https:\/\/dotbit.eu\/hr\/wp-json\/wp\/v2\/pages"}],"about":[{"href":"https:\/\/dotbit.eu\/hr\/wp-json\/wp\/v2\/types\/page"}],"author":[{"embeddable":true,"href":"https:\/\/dotbit.eu\/hr\/wp-json\/wp\/v2\/users\/2"}],"replies":[{"embeddable":true,"href":"https:\/\/dotbit.eu\/hr\/wp-json\/wp\/v2\/comments?post=2498"}],"version-history":[{"count":22,"href":"https:\/\/dotbit.eu\/hr\/wp-json\/wp\/v2\/pages\/2498\/revisions"}],"predecessor-version":[{"id":2549,"href":"https:\/\/dotbit.eu\/hr\/wp-json\/wp\/v2\/pages\/2498\/revisions\/2549"}],"wp:attachment":[{"href":"https:\/\/dotbit.eu\/hr\/wp-json\/wp\/v2\/media?parent=2498"}],"curies":[{"name":"wp","href":"https:\/\/api.w.org\/{rel}","templated":true}]}}