{"id":634,"date":"2021-04-29T10:15:03","date_gmt":"2021-04-29T10:15:03","guid":{"rendered":"https:\/\/dotbit.eu\/hr\/?page_id=634"},"modified":"2021-10-05T10:36:35","modified_gmt":"2021-10-05T08:36:35","slug":"pcidss","status":"publish","type":"page","link":"https:\/\/dotbit.eu\/hr\/pcidss\/","title":{"rendered":"PCI DSS"},"content":{"rendered":"\t\t<div data-elementor-type=\"wp-page\" data-elementor-id=\"634\" class=\"elementor elementor-634\" data-elementor-post-type=\"page\">\n\t\t\t\t\t\t<section class=\"elementor-section elementor-top-section elementor-element elementor-element-5d71298a elementor-section-height-min-height elementor-section-content-middle elementor-section-boxed elementor-section-height-default elementor-section-items-middle\" data-id=\"5d71298a\" data-element_type=\"section\" data-e-type=\"section\" data-settings=\"{&quot;background_background&quot;:&quot;classic&quot;}\">\n\t\t\t\t\t\t\t<div class=\"elementor-background-overlay\"><\/div>\n\t\t\t\t\t\t\t<div class=\"elementor-container elementor-column-gap-default\">\n\t\t\t\t\t<div class=\"elementor-column elementor-col-100 elementor-top-column elementor-element elementor-element-10e6ad86\" data-id=\"10e6ad86\" data-element_type=\"column\" data-e-type=\"column\">\n\t\t\t<div class=\"elementor-widget-wrap elementor-element-populated\">\n\t\t\t\t\t\t<div class=\"elementor-element elementor-element-6ef431cc hero-headline elementor-widget elementor-widget-heading\" data-id=\"6ef431cc\" data-element_type=\"widget\" data-e-type=\"widget\" data-widget_type=\"heading.default\">\n\t\t\t\t<div class=\"elementor-widget-container\">\n\t\t\t\t\t<h1 class=\"elementor-heading-title elementor-size-default\">PCI DSS<\/h1>\t\t\t\t<\/div>\n\t\t\t\t<\/div>\n\t\t\t\t<div class=\"elementor-element elementor-element-ce1bda4 elementor-widget elementor-widget-heading\" data-id=\"ce1bda4\" data-element_type=\"widget\" data-e-type=\"widget\" data-widget_type=\"heading.default\">\n\t\t\t\t<div class=\"elementor-widget-container\">\n\t\t\t\t\t<p class=\"elementor-heading-title elementor-size-default\">PCI DSS i platne sheme<\/p>\t\t\t\t<\/div>\n\t\t\t\t<\/div>\n\t\t\t\t\t<\/div>\n\t\t<\/div>\n\t\t\t\t\t<\/div>\n\t\t<\/section>\n\t\t\t\t<section class=\"elementor-section elementor-top-section elementor-element elementor-element-1c7cbfbb elementor-section-height-min-height elementor-section-content-middle elementor-section-boxed elementor-section-height-default elementor-section-items-middle\" data-id=\"1c7cbfbb\" data-element_type=\"section\" data-e-type=\"section\" data-settings=\"{&quot;background_background&quot;:&quot;classic&quot;}\">\n\t\t\t\t\t\t<div class=\"elementor-container elementor-column-gap-default\">\n\t\t\t\t\t<div class=\"elementor-column elementor-col-50 elementor-top-column elementor-element elementor-element-2f4ae22c bread\" data-id=\"2f4ae22c\" data-element_type=\"column\" data-e-type=\"column\">\n\t\t\t<div class=\"elementor-widget-wrap elementor-element-populated\">\n\t\t\t\t\t\t<div class=\"elementor-element elementor-element-2711c97d elementor-widget elementor-widget-html\" data-id=\"2711c97d\" data-element_type=\"widget\" data-e-type=\"widget\" data-widget_type=\"html.default\">\n\t\t\t\t<div class=\"elementor-widget-container\">\n\t\t\t\t\t<nav aria-label=\"breadcrumbs\" class=\"rank-math-breadcrumb\"><p><span class=\"last\">Naslovna<\/span><\/p><\/nav>\t\t\t\t<\/div>\n\t\t\t\t<\/div>\n\t\t\t\t\t<\/div>\n\t\t<\/div>\n\t\t\t\t<div class=\"elementor-column elementor-col-50 elementor-top-column elementor-element elementor-element-6d5ddcd6\" data-id=\"6d5ddcd6\" data-element_type=\"column\" data-e-type=\"column\" data-settings=\"{&quot;background_background&quot;:&quot;classic&quot;}\">\n\t\t\t<div class=\"elementor-widget-wrap\">\n\t\t\t\t\t\t\t<\/div>\n\t\t<\/div>\n\t\t\t\t\t<\/div>\n\t\t<\/section>\n\t\t\t\t<section class=\"elementor-section elementor-top-section elementor-element elementor-element-492b2ba elementor-section-content-middle elementor-section-boxed elementor-section-height-default elementor-section-height-default\" data-id=\"492b2ba\" data-element_type=\"section\" data-e-type=\"section\" data-settings=\"{&quot;background_background&quot;:&quot;gradient&quot;}\">\n\t\t\t\t\t\t<div class=\"elementor-container elementor-column-gap-default\">\n\t\t\t\t\t<div class=\"elementor-column elementor-col-66 elementor-top-column elementor-element elementor-element-c5c63da\" data-id=\"c5c63da\" data-element_type=\"column\" data-e-type=\"column\">\n\t\t\t<div class=\"elementor-widget-wrap elementor-element-populated\">\n\t\t\t\t\t\t<div class=\"elementor-element elementor-element-224d7af elementor-widget elementor-widget-text-editor\" data-id=\"224d7af\" data-element_type=\"widget\" data-e-type=\"widget\" data-widget_type=\"text-editor.default\">\n\t\t\t\t<div class=\"elementor-widget-container\">\n\t\t\t\t\t\t\t\t\t<p>PCI DSS standard postavlja temelje za tehni\u010dke i operativne zahtjeve osmi\u0161ljene za za\u0161titu podataka vlasnika kartica, a odr\u017eava ga PCI SSC (<a href=\"https:\/\/www.pcisecuritystandards.org\/\" target=\"_blank\" rel=\"nofollow noopener\">Payment Card Industry Security Standards Council<\/a> ) &#8211; globalni forum za stalni razvoj, pobolj\u0161anje, pohranu, \u0161irenje i implementaciju sigurnosnih standarda za za\u0161titu podataka o ra\u010dunu . Primjenu standarda osiguravaju platne sheme VISA, MasterCard, Amex, JCB i Discover.<\/p>\t\t\t\t\t\t\t\t<\/div>\n\t\t\t\t<\/div>\n\t\t\t\t\t<\/div>\n\t\t<\/div>\n\t\t\t\t<div class=\"elementor-column elementor-col-33 elementor-top-column elementor-element elementor-element-4ff9b98\" data-id=\"4ff9b98\" data-element_type=\"column\" data-e-type=\"column\">\n\t\t\t<div class=\"elementor-widget-wrap elementor-element-populated\">\n\t\t\t\t\t\t<div class=\"elementor-element elementor-element-9ff711f elementor-widget elementor-widget-image\" data-id=\"9ff711f\" data-element_type=\"widget\" data-e-type=\"widget\" data-widget_type=\"image.default\">\n\t\t\t\t<div class=\"elementor-widget-container\">\n\t\t\t\t\t\t\t\t\t\t\t\t\t\t\t<img fetchpriority=\"high\" decoding=\"async\" width=\"400\" height=\"273\" src=\"https:\/\/dotbit.eu\/hr\/wp-content\/uploads\/2021\/04\/rsw_400cg_true.png\" class=\"attachment-large size-large wp-image-810\" alt=\"\" srcset=\"https:\/\/dotbit.eu\/hr\/wp-content\/uploads\/2021\/04\/rsw_400cg_true.png 400w, https:\/\/dotbit.eu\/hr\/wp-content\/uploads\/2021\/04\/rsw_400cg_true-300x205.png 300w\" sizes=\"(max-width: 400px) 100vw, 400px\" \/>\t\t\t\t\t\t\t\t\t\t\t\t\t\t\t<\/div>\n\t\t\t\t<\/div>\n\t\t\t\t\t<\/div>\n\t\t<\/div>\n\t\t\t\t\t<\/div>\n\t\t<\/section>\n\t\t\t\t<section class=\"elementor-section elementor-top-section elementor-element elementor-element-c4fbda3 elementor-section-content-middle split elementor-section-boxed elementor-section-height-default elementor-section-height-default\" data-id=\"c4fbda3\" data-element_type=\"section\" data-e-type=\"section\" data-settings=\"{&quot;background_background&quot;:&quot;gradient&quot;}\">\n\t\t\t\t\t\t\t<div class=\"elementor-background-overlay\"><\/div>\n\t\t\t\t\t\t\t<div class=\"elementor-container elementor-column-gap-default\">\n\t\t\t\t\t<div class=\"elementor-column elementor-col-50 elementor-top-column elementor-element elementor-element-cdccecc tabs-card__item-content\" data-id=\"cdccecc\" data-element_type=\"column\" data-e-type=\"column\" data-settings=\"{&quot;background_background&quot;:&quot;classic&quot;}\">\n\t\t\t<div class=\"elementor-widget-wrap elementor-element-populated\">\n\t\t\t\t\t<div class=\"elementor-background-overlay\"><\/div>\n\t\t\t\t\t\t<div class=\"elementor-element elementor-element-c8f92fb elementor-widget elementor-widget-heading\" data-id=\"c8f92fb\" data-element_type=\"widget\" data-e-type=\"widget\" data-widget_type=\"heading.default\">\n\t\t\t\t<div class=\"elementor-widget-container\">\n\t\t\t\t\t<h2 class=\"elementor-heading-title elementor-size-default\">Na koga se odnosi?<\/h2>\t\t\t\t<\/div>\n\t\t\t\t<\/div>\n\t\t\t\t\t<\/div>\n\t\t<\/div>\n\t\t\t\t<div class=\"elementor-column elementor-col-50 elementor-top-column elementor-element elementor-element-84b04ab tabs-card__services\" data-id=\"84b04ab\" data-element_type=\"column\" data-e-type=\"column\" data-settings=\"{&quot;background_background&quot;:&quot;classic&quot;}\">\n\t\t\t<div class=\"elementor-widget-wrap elementor-element-populated\">\n\t\t\t\t\t\t<div class=\"elementor-element elementor-element-6daf4a3 elementor-widget elementor-widget-text-editor\" data-id=\"6daf4a3\" data-element_type=\"widget\" data-e-type=\"widget\" data-widget_type=\"text-editor.default\">\n\t\t\t\t<div class=\"elementor-widget-container\">\n\t\t\t\t\t\t\t\t\tPayment Card Industry Data Security Standard (PCI DSS) skup je sigurnosnih standarda osmi\u0161ljenih kako bi se osiguralo da SVE tvrtke koje prihva\u0107aju, obra\u0111uju, pohranjuju ili prenose podatke o kreditnim karticama odr\u017eavaju sigurno okru\u017eenje! Namijenjen je SVIM subjektima uklju\u010denim u obradu platnih kartica (trgovci, karti\u010dni procesori, banke prihvatitelji i izdavatelji, te pru\u017eatelji usluga), kao i SVIM drugim subjektima koji pohranjuju, obra\u0111uju ili prenose podatke o vlasnicima kartica (CHD) i\/ili osjetljive podatke za autentifikaciju (SAD).\t\t\t\t\t\t\t\t<\/div>\n\t\t\t\t<\/div>\n\t\t\t\t\t<\/div>\n\t\t<\/div>\n\t\t\t\t\t<\/div>\n\t\t<\/section>\n\t\t\t\t<section class=\"elementor-section elementor-top-section elementor-element elementor-element-6222552 elementor-section-boxed elementor-section-height-default elementor-section-height-default\" data-id=\"6222552\" data-element_type=\"section\" data-e-type=\"section\">\n\t\t\t\t\t\t<div class=\"elementor-container elementor-column-gap-default\">\n\t\t\t\t\t<div class=\"elementor-column elementor-col-100 elementor-top-column elementor-element elementor-element-c7aea54\" data-id=\"c7aea54\" data-element_type=\"column\" data-e-type=\"column\">\n\t\t\t<div class=\"elementor-widget-wrap elementor-element-populated\">\n\t\t\t\t\t\t<div class=\"elementor-element elementor-element-149c226 elementor-widget elementor-widget-heading\" data-id=\"149c226\" data-element_type=\"widget\" data-e-type=\"widget\" data-widget_type=\"heading.default\">\n\t\t\t\t<div class=\"elementor-widget-container\">\n\t\t\t\t\t<h2 class=\"elementor-heading-title elementor-size-default\">Standard<\/h2>\t\t\t\t<\/div>\n\t\t\t\t<\/div>\n\t\t\t\t<div class=\"elementor-element elementor-element-2d82eb9 elementor-widget elementor-widget-text-editor\" data-id=\"2d82eb9\" data-element_type=\"widget\" data-e-type=\"widget\" data-widget_type=\"text-editor.default\">\n\t\t\t\t<div class=\"elementor-widget-container\">\n\t\t\t\t\t\t\t\t\t<p>Temelj trenutne verzije PCI DSS-a (<a href=\"https:\/\/www.pcisecuritystandards.org\/document_library\" target=\"_blank\" rel=\"noopener\">trenutna verzija<\/a>) je skupina od \u0161est na\u010dela i popratnih zahtjeva oko kojih su organizirani specifi\u010dni elementi standarda<\/p><ol><li>Izgradite i odr\u017eavajte sigurnu mre\u017eu i sustave<\/li><li>Za\u0161titite podatke vlasnika kartice<\/li><li>Odr\u017eavajte program upravljanja ranjivostima<\/li><li>Provedite stroge mjere kontrole pristupa<\/li><li>Redovito nadgledajte i testirajte mre\u017ee<\/li><li>Odr\u017eavajte politiku sigurnosti podataka<\/li><\/ol>\t\t\t\t\t\t\t\t<\/div>\n\t\t\t\t<\/div>\n\t\t\t\t\t<\/div>\n\t\t<\/div>\n\t\t\t\t\t<\/div>\n\t\t<\/section>\n\t\t\t\t<section class=\"elementor-section elementor-top-section elementor-element elementor-element-5de2af0 elementor-section-boxed elementor-section-height-default elementor-section-height-default\" data-id=\"5de2af0\" data-element_type=\"section\" data-e-type=\"section\">\n\t\t\t\t\t\t<div class=\"elementor-container elementor-column-gap-default\">\n\t\t\t\t\t<div class=\"elementor-column elementor-col-100 elementor-top-column elementor-element elementor-element-87e995e\" data-id=\"87e995e\" data-element_type=\"column\" data-e-type=\"column\">\n\t\t\t<div class=\"elementor-widget-wrap elementor-element-populated\">\n\t\t\t\t\t\t<div class=\"elementor-element elementor-element-e052ce5 elementor-widget elementor-widget-heading\" data-id=\"e052ce5\" data-element_type=\"widget\" data-e-type=\"widget\" data-widget_type=\"heading.default\">\n\t\t\t\t<div class=\"elementor-widget-container\">\n\t\t\t\t\t<h2 class=\"elementor-heading-title elementor-size-default\">Za\u0161to bi moja organizacija trebala biti uskla\u0111ena s PCI DSS standardom?<\/h2>\t\t\t\t<\/div>\n\t\t\t\t<\/div>\n\t\t\t\t<div class=\"elementor-element elementor-element-d535035 elementor-widget elementor-widget-text-editor\" data-id=\"d535035\" data-element_type=\"widget\" data-e-type=\"widget\" data-widget_type=\"text-editor.default\">\n\t\t\t\t<div class=\"elementor-widget-container\">\n\t\t\t\t\t\t\t\t\tOdgovor je vrlo jednostavan, za\u0161titite svoje sustave i korisnici vam mogu povjeriti svoje osjetljive podatke o platnoj kartici. Odr\u017eavanjem sukladnosti sa PCI DSS-om postajete dio rje\u0161enja &#8211; ujedinjeni, globalni odgovor u borbi protiv kompromitiranja podataka o platnim karticama.\t\t\t\t\t\t\t\t<\/div>\n\t\t\t\t<\/div>\n\t\t\t\t\t<\/div>\n\t\t<\/div>\n\t\t\t\t\t<\/div>\n\t\t<\/section>\n\t\t\t\t<section class=\"elementor-section elementor-top-section elementor-element elementor-element-d2afaea elementor-section-boxed elementor-section-height-default elementor-section-height-default\" data-id=\"d2afaea\" data-element_type=\"section\" data-e-type=\"section\" data-settings=\"{&quot;background_background&quot;:&quot;gradient&quot;,&quot;shape_divider_top&quot;:&quot;waves&quot;}\">\n\t\t\t\t\t\t\t<div class=\"elementor-background-overlay\"><\/div>\n\t\t\t\t\t\t<div class=\"elementor-shape elementor-shape-top\" aria-hidden=\"true\" data-negative=\"false\">\n\t\t\t<svg xmlns=\"http:\/\/www.w3.org\/2000\/svg\" viewBox=\"0 0 1000 100\" preserveAspectRatio=\"none\">\n\t<path class=\"elementor-shape-fill\" d=\"M421.9,6.5c22.6-2.5,51.5,0.4,75.5,5.3c23.6,4.9,70.9,23.5,100.5,35.7c75.8,32.2,133.7,44.5,192.6,49.7\n\tc23.6,2.1,48.7,3.5,103.4-2.5c54.7-6,106.2-25.6,106.2-25.6V0H0v30.3c0,0,72,32.6,158.4,30.5c39.2-0.7,92.8-6.7,134-22.4\n\tc21.2-8.1,52.2-18.2,79.7-24.2C399.3,7.9,411.6,7.5,421.9,6.5z\"\/>\n<\/svg>\t\t<\/div>\n\t\t\t\t\t<div class=\"elementor-container elementor-column-gap-default\">\n\t\t\t\t\t<div class=\"elementor-column elementor-col-100 elementor-top-column elementor-element elementor-element-e0093fc\" data-id=\"e0093fc\" data-element_type=\"column\" data-e-type=\"column\">\n\t\t\t<div class=\"elementor-widget-wrap elementor-element-populated\">\n\t\t\t\t\t\t<div class=\"elementor-element elementor-element-4ef4768 elementor-widget elementor-widget-heading\" data-id=\"4ef4768\" data-element_type=\"widget\" data-e-type=\"widget\" data-widget_type=\"heading.default\">\n\t\t\t\t<div class=\"elementor-widget-container\">\n\t\t\t\t\t<h2 class=\"elementor-heading-title elementor-size-default\">Kako vam mo\u017eemo pomo\u0107i?<\/h2>\t\t\t\t<\/div>\n\t\t\t\t<\/div>\n\t\t\t\t<div class=\"elementor-element elementor-element-9926ef3 elementor-widget elementor-widget-text-editor\" data-id=\"9926ef3\" data-element_type=\"widget\" data-e-type=\"widget\" data-widget_type=\"text-editor.default\">\n\t\t\t\t<div class=\"elementor-widget-container\">\n\t\t\t\t\t\t\t\t\tIako je sam standard prili\u010dno detaljan sa svojim tehni\u010dkim (sustavima), organizacijskim (ljudi) i poslovnim (procesima) zahtjevima, mo\u017ee otvoriti dosta pitanja, a krivim tuma\u010denjem zahtjeva dovesti pogre\u0161nim zaklju\u010dcima \u010dime se cijeli proces certifikacije nepotrebno komplicira.\t\t\t\t\t\t\t\t<\/div>\n\t\t\t\t<\/div>\n\t\t\t\t<div class=\"elementor-element elementor-element-174a2ea elementor-widget elementor-widget-heading\" data-id=\"174a2ea\" data-element_type=\"widget\" data-e-type=\"widget\" data-widget_type=\"heading.default\">\n\t\t\t\t<div class=\"elementor-widget-container\">\n\t\t\t\t\t<p class=\"elementor-heading-title elementor-size-default\">Na\u0161e PCI DSS usluge pru\u017eaju:<\/p>\t\t\t\t<\/div>\n\t\t\t\t<\/div>\n\t\t\t\t<div class=\"elementor-element elementor-element-d850470 elementor-widget elementor-widget-text-editor\" data-id=\"d850470\" data-element_type=\"widget\" data-e-type=\"widget\" data-widget_type=\"text-editor.default\">\n\t\t\t\t<div class=\"elementor-widget-container\">\n\t\t\t\t\t\t\t\t\t<ul><li>pomo\u0107 da razumijete zahtjeve i kako se oni primjenjuju na va\u0161e okru\u017eenje, te kako se odre\u0111uje scope revizije<\/li><li>izradu detaljne GAP analize i izvje\u0161taja sa nalazima, te kako iste ispraviti<\/li><li>provo\u0111enje obvezne godi\u0161nje IT revizije koju zahtijeva PCI DSS<\/li><li>provo\u0111enje obaveznih procjena cyber sigurnosti (testiranje ranjivosti, penetraacijsko testiranje, ASV)<\/li><li>izradu akcijskog plana za ubla\u017eavanje i pru\u017eanje detaljnih smjernica za rje\u0161avanje svih nalaza<\/li><li>izradu potrebne dokumentacije informacijske sigurnosti (politike, procedure)<\/li><li>implementaciju tehni\u010dkih rje\u0161enja i sigurnosnih kontrola<\/li><li>obavljanje zavr\u0161ne revizije i podno\u0161enje izvje\u0161\u0107a o uskla\u0111enosti (RoC, AoC)<\/li><\/ul>\t\t\t\t\t\t\t\t<\/div>\n\t\t\t\t<\/div>\n\t\t\t\t<div class=\"elementor-element elementor-element-6a8e821 elementor-widget elementor-widget-text-editor\" data-id=\"6a8e821\" data-element_type=\"widget\" data-e-type=\"widget\" data-widget_type=\"text-editor.default\">\n\t\t\t\t<div class=\"elementor-widget-container\">\n\t\t\t\t\t\t\t\t\tPrije nego li krenete u zavr\u0161nu reviziju, na\u0161i konzultanti \u0107e vas voditi i pripremiti za proces certifikacije. Na\u0161 tim kvalificiranih procjenitelja sigurnosti (QSA) izvr\u0161it \u0107e reviziju i nakon utvr\u0111ivanja uskla\u0111enosti dostaviti vam detaljni izvje\u0161taj o sukladnosti (RoC), te potvrdu o sukladnosti (AoC) kojom dokazujete PCI DSS sukladnosti\t\t\t\t\t\t\t\t<\/div>\n\t\t\t\t<\/div>\n\t\t\t\t\t<\/div>\n\t\t<\/div>\n\t\t\t\t\t<\/div>\n\t\t<\/section>\n\t\t\t\t<section class=\"elementor-section elementor-top-section elementor-element elementor-element-bb276b4 elementor-section-content-middle split elementor-section-boxed elementor-section-height-default elementor-section-height-default\" data-id=\"bb276b4\" data-element_type=\"section\" data-e-type=\"section\" data-settings=\"{&quot;background_background&quot;:&quot;classic&quot;}\">\n\t\t\t\t\t\t\t<div class=\"elementor-background-overlay\"><\/div>\n\t\t\t\t\t\t\t<div class=\"elementor-container elementor-column-gap-default\">\n\t\t\t\t\t<div class=\"elementor-column elementor-col-100 elementor-top-column elementor-element elementor-element-c9489f0\" data-id=\"c9489f0\" data-element_type=\"column\" data-e-type=\"column\" data-settings=\"{&quot;background_background&quot;:&quot;classic&quot;}\">\n\t\t\t<div class=\"elementor-widget-wrap elementor-element-populated\">\n\t\t\t\t\t<div class=\"elementor-background-overlay\"><\/div>\n\t\t\t\t\t\t<div class=\"elementor-element elementor-element-45ef146 elementor-widget elementor-widget-heading\" data-id=\"45ef146\" data-element_type=\"widget\" data-e-type=\"widget\" data-widget_type=\"heading.default\">\n\t\t\t\t<div class=\"elementor-widget-container\">\n\t\t\t\t\t<h2 class=\"elementor-heading-title elementor-size-default\">PCI DSS Razine sukladnosti<\/h2>\t\t\t\t<\/div>\n\t\t\t\t<\/div>\n\t\t\t\t<div class=\"elementor-element elementor-element-176c53a elementor-widget elementor-widget-text-editor\" data-id=\"176c53a\" data-element_type=\"widget\" data-e-type=\"widget\" data-widget_type=\"text-editor.default\">\n\t\t\t\t<div class=\"elementor-widget-container\">\n\t\t\t\t\t\t\t\t\t<p>Ovisno o va\u0161em poslovanju i broju karti\u010dnih transakcija, kao i jeste li trgovac ili pru\u017eatelj usluga, postoje razli\u010dite razine provjere sukladnosti sa PCI DSS-om.<\/p><p>Za trgovce razine definiraju platen sheme i temelje se na volumenu transakcija koje odre\u0111uje banka prihvatitelj. Za pru\u017eateleje usluga razine definiraju platne sheme prema volumenu transakcija i vrsti usluge, dok ih odre\u0111uju platne sheme ili banke prihvatitelji.<\/p><p>Stoga su, ovisno o razini validacije, potrebni razli\u010diti pristupi, kao i razli\u010diti dokumenti.<\/p>\t\t\t\t\t\t\t\t<\/div>\n\t\t\t\t<\/div>\n\t\t\t\t\t<\/div>\n\t\t<\/div>\n\t\t\t\t\t<\/div>\n\t\t<\/section>\n\t\t\t\t<section class=\"elementor-section elementor-top-section elementor-element elementor-element-f078d7d elementor-section-content-middle split elementor-section-boxed elementor-section-height-default elementor-section-height-default\" data-id=\"f078d7d\" data-element_type=\"section\" data-e-type=\"section\">\n\t\t\t\t\t\t\t<div class=\"elementor-background-overlay\"><\/div>\n\t\t\t\t\t\t\t<div class=\"elementor-container elementor-column-gap-default\">\n\t\t\t\t\t<div class=\"elementor-column elementor-col-50 elementor-top-column elementor-element elementor-element-f0e91d7\" data-id=\"f0e91d7\" data-element_type=\"column\" data-e-type=\"column\" data-settings=\"{&quot;background_background&quot;:&quot;classic&quot;}\">\n\t\t\t<div class=\"elementor-widget-wrap\">\n\t\t\t\t\t<div class=\"elementor-background-overlay\"><\/div>\n\t\t\t\t\t\t\t<\/div>\n\t\t<\/div>\n\t\t\t\t<div class=\"elementor-column elementor-col-50 elementor-top-column elementor-element elementor-element-a82af00 tabs-card__services tabs-card__services_black\" data-id=\"a82af00\" data-element_type=\"column\" data-e-type=\"column\" data-settings=\"{&quot;background_background&quot;:&quot;classic&quot;}\">\n\t\t\t<div class=\"elementor-widget-wrap elementor-element-populated\">\n\t\t\t\t\t\t<div class=\"elementor-element elementor-element-454eef9 elementor-tabs-view-horizontal elementor-widget elementor-widget-tabs\" data-id=\"454eef9\" data-element_type=\"widget\" data-e-type=\"widget\" data-widget_type=\"tabs.default\">\n\t\t\t\t<div class=\"elementor-widget-container\">\n\t\t\t\t\t\t\t<div class=\"elementor-tabs\">\n\t\t\t<div class=\"elementor-tabs-wrapper\" role=\"tablist\" >\n\t\t\t\t\t\t\t\t\t<div id=\"elementor-tab-title-7261\" class=\"elementor-tab-title elementor-tab-desktop-title\" aria-selected=\"true\" data-tab=\"1\" role=\"tab\" tabindex=\"0\" aria-controls=\"elementor-tab-content-7261\" aria-expanded=\"false\">Pru\u017eatelji usluga<\/div>\n\t\t\t\t\t\t\t\t\t<div id=\"elementor-tab-title-7262\" class=\"elementor-tab-title elementor-tab-desktop-title\" aria-selected=\"false\" data-tab=\"2\" role=\"tab\" tabindex=\"-1\" aria-controls=\"elementor-tab-content-7262\" aria-expanded=\"false\">Trgovci<\/div>\n\t\t\t\t\t\t\t<\/div>\n\t\t\t<div class=\"elementor-tabs-content-wrapper\" role=\"tablist\" aria-orientation=\"vertical\">\n\t\t\t\t\t\t\t\t\t<div class=\"elementor-tab-title elementor-tab-mobile-title\" aria-selected=\"true\" data-tab=\"1\" role=\"tab\" tabindex=\"0\" aria-controls=\"elementor-tab-content-7261\" aria-expanded=\"false\">Pru\u017eatelji usluga<\/div>\n\t\t\t\t\t<div id=\"elementor-tab-content-7261\" class=\"elementor-tab-content elementor-clearfix\" data-tab=\"1\" role=\"tabpanel\" aria-labelledby=\"elementor-tab-title-7261\" tabindex=\"0\" hidden=\"false\"><div class=\"row matrix\"><div class=\"column level\"><p>Level 1<\/p><\/div><div class=\"column\"><ul><li>Godi\u0161nja revizija na licu mjesta od strane QSA, koja rezultira ROC-om i AOC-om<\/li><li>Kvartalno ASV skeniranje mre\u017ee<\/li><\/ul><\/div><\/div><div class=\"row matrix last\"><div class=\"column level\"><p>Level 2<\/p><\/div><div class=\"column\"><ul><li>Godi\u0161nji upitnik (SAQ) za samoocjenjivanje<\/li><li>Kvartalno ASV skeniranje mre\u017ee<\/li><\/ul><\/div><\/div><\/div>\n\t\t\t\t\t\t\t\t\t<div class=\"elementor-tab-title elementor-tab-mobile-title\" aria-selected=\"false\" data-tab=\"2\" role=\"tab\" tabindex=\"-1\" aria-controls=\"elementor-tab-content-7262\" aria-expanded=\"false\">Trgovci<\/div>\n\t\t\t\t\t<div id=\"elementor-tab-content-7262\" class=\"elementor-tab-content elementor-clearfix\" data-tab=\"2\" role=\"tabpanel\" aria-labelledby=\"elementor-tab-title-7262\" tabindex=\"0\" hidden=\"hidden\"><div class=\"row matrix\">\n<div class=\"column level\">\n\nLevel 1\n\n<\/div>\n<div class=\"column\">\n<ul>\n \t<li>Annual onsite assessment by QSA resulting in ROC and AOC<\/li>\n \t<li>Quarterly network scan by ASV<\/li>\n<\/ul>\n<\/div>\n<\/div>\n<div class=\"row matrix\">\n<div class=\"column level\">\n\nLevel 2\n\n<\/div>\n<div class=\"column\">\n<ul>\n \t<li>Annual Self-Assessment Questionnaire<\/li>\n \t<li>Quarterly network scan by ASV<\/li>\n<\/ul>\n<\/div>\n<\/div>\n<div class=\"row matrix\">\n<div class=\"column level\">\n\nLevel 3\n\n<\/div>\n<div class=\"column\">\n<ul>\n \t<li>Annual Self-Assessment Questionnaire<\/li>\n \t<li>Quarterly network scan by ASV<\/li>\n<\/ul>\n<\/div>\n<\/div>\n<div class=\"row matrix last\">\n<div class=\"column level\">\n\nLevel 4\n\n<\/div>\n<div class=\"column\">\n<ul>\n \t<li>Annual Self-Assessment Questionnaire<\/li>\n \t<li>Quarterly network scan by ASV if applicable<\/li>\n<\/ul>\n<\/div>\n<\/div>\n<\/div>\n<\/div><\/div>\n\t\t\t\t\t\t\t<\/div>\n\t\t<\/div>\n\t\t\t\t\t\t<\/div>\n\t\t\t\t<\/div>\n\t\t\t\t\t<\/div>\n\t\t<\/div>\n\t\t\t\t\t<\/div>\n\t\t<\/section>\n\t\t\t\t<\/div>\n\t\t","protected":false},"excerpt":{"rendered":"<p>PCI DSS PCI DSS i platne sheme PCI DSS standard postavlja temelje za tehni\u010dke i operativne zahtjeve osmi\u0161ljene za za\u0161titu podataka vlasnika kartica, a odr\u017eava ga PCI SSC (Payment Card Industry Security Standards Council ) &#8211; globalni forum za stalni razvoj, pobolj\u0161anje, pohranu, \u0161irenje i implementaciju sigurnosnih standarda za za\u0161titu podataka o ra\u010dunu . Primjenu [&hellip;]<\/p>\n","protected":false},"author":1,"featured_media":0,"parent":0,"menu_order":0,"comment_status":"closed","ping_status":"closed","template":"elementor_header_footer","meta":{"inline_featured_image":false,"footnotes":""},"class_list":["post-634","page","type-page","status-publish","hentry"],"_links":{"self":[{"href":"https:\/\/dotbit.eu\/hr\/wp-json\/wp\/v2\/pages\/634","targetHints":{"allow":["GET"]}}],"collection":[{"href":"https:\/\/dotbit.eu\/hr\/wp-json\/wp\/v2\/pages"}],"about":[{"href":"https:\/\/dotbit.eu\/hr\/wp-json\/wp\/v2\/types\/page"}],"author":[{"embeddable":true,"href":"https:\/\/dotbit.eu\/hr\/wp-json\/wp\/v2\/users\/1"}],"replies":[{"embeddable":true,"href":"https:\/\/dotbit.eu\/hr\/wp-json\/wp\/v2\/comments?post=634"}],"version-history":[{"count":224,"href":"https:\/\/dotbit.eu\/hr\/wp-json\/wp\/v2\/pages\/634\/revisions"}],"predecessor-version":[{"id":2263,"href":"https:\/\/dotbit.eu\/hr\/wp-json\/wp\/v2\/pages\/634\/revisions\/2263"}],"wp:attachment":[{"href":"https:\/\/dotbit.eu\/hr\/wp-json\/wp\/v2\/media?parent=634"}],"curies":[{"name":"wp","href":"https:\/\/api.w.org\/{rel}","templated":true}]}}