{"id":69,"date":"2021-04-26T19:10:51","date_gmt":"2021-04-26T17:10:51","guid":{"rendered":"https:\/\/dotbit.eu\/hr\/?page_id=69"},"modified":"2021-10-08T11:16:05","modified_gmt":"2021-10-08T09:16:05","slug":"o-nama","status":"publish","type":"page","link":"https:\/\/dotbit.eu\/hr\/o-nama\/","title":{"rendered":"O nama"},"content":{"rendered":"\t\t<div data-elementor-type=\"wp-page\" data-elementor-id=\"69\" class=\"elementor elementor-69\" data-elementor-post-type=\"page\">\n\t\t\t\t\t\t<section class=\"elementor-section elementor-top-section elementor-element elementor-element-3244e765 elementor-section-height-min-height elementor-section-content-middle elementor-section-boxed elementor-section-height-default elementor-section-items-middle\" data-id=\"3244e765\" data-element_type=\"section\" data-e-type=\"section\" data-settings=\"{&quot;background_background&quot;:&quot;classic&quot;}\">\n\t\t\t\t\t\t\t<div class=\"elementor-background-overlay\"><\/div>\n\t\t\t\t\t\t\t<div class=\"elementor-container elementor-column-gap-default\">\n\t\t\t\t\t<div class=\"elementor-column elementor-col-100 elementor-top-column elementor-element elementor-element-5d0c88bb\" data-id=\"5d0c88bb\" data-element_type=\"column\" data-e-type=\"column\">\n\t\t\t<div class=\"elementor-widget-wrap elementor-element-populated\">\n\t\t\t\t\t\t<div class=\"elementor-element elementor-element-175f2af8 hero-headline elementor-widget elementor-widget-heading\" data-id=\"175f2af8\" data-element_type=\"widget\" data-e-type=\"widget\" data-widget_type=\"heading.default\">\n\t\t\t\t<div class=\"elementor-widget-container\">\n\t\t\t\t\t<h1 class=\"elementor-heading-title elementor-size-default\">O nama<\/h1>\t\t\t\t<\/div>\n\t\t\t\t<\/div>\n\t\t\t\t\t<\/div>\n\t\t<\/div>\n\t\t\t\t\t<\/div>\n\t\t<\/section>\n\t\t\t\t<section class=\"elementor-section elementor-top-section elementor-element elementor-element-3b88139d elementor-section-height-min-height elementor-section-content-middle elementor-section-boxed elementor-section-height-default elementor-section-items-middle\" data-id=\"3b88139d\" data-element_type=\"section\" data-e-type=\"section\" data-settings=\"{&quot;background_background&quot;:&quot;classic&quot;}\">\n\t\t\t\t\t\t<div class=\"elementor-container elementor-column-gap-default\">\n\t\t\t\t\t<div class=\"elementor-column elementor-col-50 elementor-top-column elementor-element elementor-element-64c0ca64 bread\" data-id=\"64c0ca64\" data-element_type=\"column\" data-e-type=\"column\">\n\t\t\t<div class=\"elementor-widget-wrap elementor-element-populated\">\n\t\t\t\t\t\t<div class=\"elementor-element elementor-element-7162c7ca elementor-widget elementor-widget-html\" data-id=\"7162c7ca\" data-element_type=\"widget\" data-e-type=\"widget\" data-widget_type=\"html.default\">\n\t\t\t\t<div class=\"elementor-widget-container\">\n\t\t\t\t\t<nav aria-label=\"breadcrumbs\" class=\"rank-math-breadcrumb\"><p><span class=\"last\">Naslovna<\/span><\/p><\/nav>\t\t\t\t<\/div>\n\t\t\t\t<\/div>\n\t\t\t\t\t<\/div>\n\t\t<\/div>\n\t\t\t\t<div class=\"elementor-column elementor-col-50 elementor-top-column elementor-element elementor-element-12c3286c\" data-id=\"12c3286c\" data-element_type=\"column\" data-e-type=\"column\" data-settings=\"{&quot;background_background&quot;:&quot;classic&quot;}\">\n\t\t\t<div class=\"elementor-widget-wrap\">\n\t\t\t\t\t\t\t<\/div>\n\t\t<\/div>\n\t\t\t\t\t<\/div>\n\t\t<\/section>\n\t\t\t\t<section class=\"elementor-section elementor-top-section elementor-element elementor-element-7fa77877 elementor-section-content-middle elementor-section-boxed elementor-section-height-default elementor-section-height-default\" data-id=\"7fa77877\" data-element_type=\"section\" data-e-type=\"section\" data-settings=\"{&quot;background_background&quot;:&quot;classic&quot;,&quot;shape_divider_top&quot;:&quot;waves&quot;}\">\n\t\t\t\t\t<div class=\"elementor-shape elementor-shape-top\" aria-hidden=\"true\" data-negative=\"false\">\n\t\t\t<svg xmlns=\"http:\/\/www.w3.org\/2000\/svg\" viewBox=\"0 0 1000 100\" preserveAspectRatio=\"none\">\n\t<path class=\"elementor-shape-fill\" d=\"M421.9,6.5c22.6-2.5,51.5,0.4,75.5,5.3c23.6,4.9,70.9,23.5,100.5,35.7c75.8,32.2,133.7,44.5,192.6,49.7\n\tc23.6,2.1,48.7,3.5,103.4-2.5c54.7-6,106.2-25.6,106.2-25.6V0H0v30.3c0,0,72,32.6,158.4,30.5c39.2-0.7,92.8-6.7,134-22.4\n\tc21.2-8.1,52.2-18.2,79.7-24.2C399.3,7.9,411.6,7.5,421.9,6.5z\"\/>\n<\/svg>\t\t<\/div>\n\t\t\t\t\t<div class=\"elementor-container elementor-column-gap-default\">\n\t\t\t\t\t<div class=\"elementor-column elementor-col-50 elementor-top-column elementor-element elementor-element-565267c0\" data-id=\"565267c0\" data-element_type=\"column\" data-e-type=\"column\">\n\t\t\t<div class=\"elementor-widget-wrap elementor-element-populated\">\n\t\t\t\t\t\t<div class=\"elementor-element elementor-element-5ee3da9 elementor-widget elementor-widget-heading\" data-id=\"5ee3da9\" data-element_type=\"widget\" data-e-type=\"widget\" data-widget_type=\"heading.default\">\n\t\t\t\t<div class=\"elementor-widget-container\">\n\t\t\t\t\t<h2 class=\"elementor-heading-title elementor-size-default\">Tko smo?<\/h2>\t\t\t\t<\/div>\n\t\t\t\t<\/div>\n\t\t\t\t<div class=\"elementor-element elementor-element-b1ae45a elementor-widget elementor-widget-text-editor\" data-id=\"b1ae45a\" data-element_type=\"widget\" data-e-type=\"widget\" data-widget_type=\"text-editor.default\">\n\t\t\t\t<div class=\"elementor-widget-container\">\n\t\t\t\t\t\t\t\t\t<p>Dot.Bit je privatna hrvatska tvrtka sa sjedi\u0161tem u Zagrebu. Iako smo relativno mladi na tr\u017ei\u0161tu, na\u0161a povijest se\u017ee sve do 1997. godine i tvrtke koja se bavila profesionalnom elektronikom i ra\u010dunalima. Na tim temeljima, te na dugogodi\u0161njem iskustvu u informacijskoj tehnologiji i sigurnosti ste\u010denom u raznim industrijama, a posebno u industriji karti\u010dnog pla\u0107anja i sigurnosnom savjetovanju, izgradili smo tvrtku s ciljem pru\u017eanja vrhunskih profesionalnih usluga u InfoSec podru\u010dju.<\/p>\t\t\t\t\t\t\t\t<\/div>\n\t\t\t\t<\/div>\n\t\t\t\t\t<\/div>\n\t\t<\/div>\n\t\t\t\t<div class=\"elementor-column elementor-col-50 elementor-top-column elementor-element elementor-element-500df258\" data-id=\"500df258\" data-element_type=\"column\" data-e-type=\"column\">\n\t\t\t<div class=\"elementor-widget-wrap elementor-element-populated\">\n\t\t\t\t\t\t<div class=\"elementor-element elementor-element-e66cabe elementor-widget elementor-widget-image\" data-id=\"e66cabe\" data-element_type=\"widget\" data-e-type=\"widget\" data-widget_type=\"image.default\">\n\t\t\t\t<div class=\"elementor-widget-container\">\n\t\t\t\t\t\t\t\t\t\t\t\t\t\t\t<img fetchpriority=\"high\" decoding=\"async\" width=\"800\" height=\"800\" src=\"https:\/\/dotbit.eu\/hr\/wp-content\/uploads\/2021\/04\/Dot.Bit-color.svg\" class=\"attachment-large size-large wp-image-16\" alt=\"\" \/>\t\t\t\t\t\t\t\t\t\t\t\t\t\t\t<\/div>\n\t\t\t\t<\/div>\n\t\t\t\t\t<\/div>\n\t\t<\/div>\n\t\t\t\t\t<\/div>\n\t\t<\/section>\n\t\t\t\t<section class=\"elementor-section elementor-top-section elementor-element elementor-element-137ea7c elementor-section-boxed elementor-section-height-default elementor-section-height-default\" data-id=\"137ea7c\" data-element_type=\"section\" data-e-type=\"section\">\n\t\t\t\t\t\t<div class=\"elementor-container elementor-column-gap-default\">\n\t\t\t\t\t<div class=\"elementor-column elementor-col-100 elementor-top-column elementor-element elementor-element-f98d169\" data-id=\"f98d169\" data-element_type=\"column\" data-e-type=\"column\">\n\t\t\t<div class=\"elementor-widget-wrap elementor-element-populated\">\n\t\t\t\t\t\t<div class=\"elementor-element elementor-element-9e1b6ee elementor-widget elementor-widget-heading\" data-id=\"9e1b6ee\" data-element_type=\"widget\" data-e-type=\"widget\" data-widget_type=\"heading.default\">\n\t\t\t\t<div class=\"elementor-widget-container\">\n\t\t\t\t\t<h2 class=\"elementor-heading-title elementor-size-default\">\u0160ta radimo?<\/h2>\t\t\t\t<\/div>\n\t\t\t\t<\/div>\n\t\t\t\t<div class=\"elementor-element elementor-element-534e1e6 elementor-widget elementor-widget-text-editor\" data-id=\"534e1e6\" data-element_type=\"widget\" data-e-type=\"widget\" data-widget_type=\"text-editor.default\">\n\t\t\t\t<div class=\"elementor-widget-container\">\n\t\t\t\t\t\t\t\t\t<p>Specijalizirani smo za GRC i kiberneti\u010dku sigurnost, te pru\u017eamo konzultantske usluge u podru\u010dju inforamcijskih tehnologija i sigurnosti koje su dostupne klijentima diljem EU i CEMEA tr\u017ei\u0161ta.<br \/>Dobro poznajemo razli\u010dite standarde i propise o uskla\u0111enosti, a na\u0161a IT znanja su garancija da mo\u017eemo raditi sa gotovo svakom tehnologijom koju va\u0161a organizacija koristi.<br \/><br \/>Certifikati na\u0161ih zaposlenika od vode\u0107ih svjetskih me\u0111unarodnih organizacija i tvrtki, poput PCI SSC, ISC2, ISACA, AXELOS, Oracle, da nabrojimo samo neke, kao i velik broj uspje\u0161nih projekata u domeni informacijske sigurnosti jamstvo su na\u0161e profesionalnosti i stru\u010dnost.<br \/><br \/>Koristimo na\u0161u stru\u010dnost i znanje kako bismo pomogli na\u0161im klijentima.<\/p>\t\t\t\t\t\t\t\t<\/div>\n\t\t\t\t<\/div>\n\t\t\t\t\t<\/div>\n\t\t<\/div>\n\t\t\t\t\t<\/div>\n\t\t<\/section>\n\t\t\t\t<section class=\"elementor-section elementor-top-section elementor-element elementor-element-7538257 elementor-section-boxed elementor-section-height-default elementor-section-height-default\" data-id=\"7538257\" data-element_type=\"section\" data-e-type=\"section\" data-settings=\"{&quot;background_background&quot;:&quot;classic&quot;,&quot;shape_divider_top&quot;:&quot;tilt&quot;,&quot;shape_divider_bottom&quot;:&quot;tilt&quot;}\">\n\t\t\t\t\t\t\t<div class=\"elementor-background-overlay\"><\/div>\n\t\t\t\t\t\t<div class=\"elementor-shape elementor-shape-top\" aria-hidden=\"true\" data-negative=\"false\">\n\t\t\t<svg xmlns=\"http:\/\/www.w3.org\/2000\/svg\" viewBox=\"0 0 1000 100\" preserveAspectRatio=\"none\">\n\t<path class=\"elementor-shape-fill\" d=\"M0,6V0h1000v100L0,6z\"\/>\n<\/svg>\t\t<\/div>\n\t\t\t\t<div class=\"elementor-shape elementor-shape-bottom\" aria-hidden=\"true\" data-negative=\"false\">\n\t\t\t<svg xmlns=\"http:\/\/www.w3.org\/2000\/svg\" viewBox=\"0 0 1000 100\" preserveAspectRatio=\"none\">\n\t<path class=\"elementor-shape-fill\" d=\"M0,6V0h1000v100L0,6z\"\/>\n<\/svg>\t\t<\/div>\n\t\t\t\t\t<div class=\"elementor-container elementor-column-gap-default\">\n\t\t\t\t\t<div class=\"elementor-column elementor-col-100 elementor-top-column elementor-element elementor-element-d31585e\" data-id=\"d31585e\" data-element_type=\"column\" data-e-type=\"column\">\n\t\t\t<div class=\"elementor-widget-wrap elementor-element-populated\">\n\t\t\t\t\t\t<div class=\"elementor-element elementor-element-c097366 elementor-widget elementor-widget-heading\" data-id=\"c097366\" data-element_type=\"widget\" data-e-type=\"widget\" data-widget_type=\"heading.default\">\n\t\t\t\t<div class=\"elementor-widget-container\">\n\t\t\t\t\t<h2 class=\"elementor-heading-title elementor-size-default\">Na\u0161a stru\u010dnost<\/h2>\t\t\t\t<\/div>\n\t\t\t\t<\/div>\n\t\t\t\t<div class=\"elementor-element elementor-element-669145b elementor-widget elementor-widget-text-editor\" data-id=\"669145b\" data-element_type=\"widget\" data-e-type=\"widget\" data-widget_type=\"text-editor.default\">\n\t\t\t\t<div class=\"elementor-widget-container\">\n\t\t\t\t\t\t\t\t\t<p>Naila\u017eenje na prepreke i rje\u0161avanje izazova zajedni\u010dki su nazivnik svakog poslovanja, a na\u0161 tim stru\u010dnjaka za informacijsku tehnologiju i sigurnost sa iskustvom skupljenim kroz vi\u0161e od desetlje\u0107a rada u razli\u010ditim industrijama mo\u017ee vam pomo\u0107i u prevladavanju svih izazova, bilo da su tehni\u010dke ili organizacijske prirode. Jedna od potvrdi na\u0161e stru\u010dnosti i kompetencija su i svjetski priznati industrijski certifikati:<\/p><ul class=\"ul-list\"><li>CISSP<\/li><li>CISA<\/li><li>PCIP<\/li><li>PCI QSA<\/li><li>3DS QSA<\/li><li>QPA<\/li><li>ITIL<\/li><li>ISO 27001 LA<\/li><li>OSWE<\/li><li>OSCE<\/li><li>OSCP<\/li><li>CRPT<\/li><\/ul>\t\t\t\t\t\t\t\t<\/div>\n\t\t\t\t<\/div>\n\t\t\t\t\t<\/div>\n\t\t<\/div>\n\t\t\t\t\t<\/div>\n\t\t<\/section>\n\t\t\t\t<section class=\"elementor-section elementor-top-section elementor-element elementor-element-805632a elementor-section-boxed elementor-section-height-default elementor-section-height-default\" data-id=\"805632a\" data-element_type=\"section\" data-e-type=\"section\">\n\t\t\t\t\t\t<div class=\"elementor-container elementor-column-gap-default\">\n\t\t\t\t\t<div class=\"elementor-column elementor-col-100 elementor-top-column elementor-element elementor-element-2ec32da\" data-id=\"2ec32da\" data-element_type=\"column\" data-e-type=\"column\">\n\t\t\t<div class=\"elementor-widget-wrap elementor-element-populated\">\n\t\t\t\t\t\t<div class=\"elementor-element elementor-element-b333d7a elementor-widget elementor-widget-heading\" data-id=\"b333d7a\" data-element_type=\"widget\" data-e-type=\"widget\" data-widget_type=\"heading.default\">\n\t\t\t\t<div class=\"elementor-widget-container\">\n\t\t\t\t\t<h3 class=\"elementor-heading-title elementor-size-default\">Company Details<\/h3>\t\t\t\t<\/div>\n\t\t\t\t<\/div>\n\t\t\t\t\t<\/div>\n\t\t<\/div>\n\t\t\t\t\t<\/div>\n\t\t<\/section>\n\t\t\t\t<section class=\"elementor-section elementor-top-section elementor-element elementor-element-ddd665d elementor-section-boxed elementor-section-height-default elementor-section-height-default\" data-id=\"ddd665d\" data-element_type=\"section\" data-e-type=\"section\">\n\t\t\t\t\t\t<div class=\"elementor-container elementor-column-gap-default\">\n\t\t\t\t\t<div class=\"elementor-column elementor-col-50 elementor-top-column elementor-element elementor-element-991bbb9\" data-id=\"991bbb9\" data-element_type=\"column\" data-e-type=\"column\">\n\t\t\t<div class=\"elementor-widget-wrap elementor-element-populated\">\n\t\t\t\t\t\t<div class=\"elementor-element elementor-element-19b3493 elementor-widget elementor-widget-text-editor\" data-id=\"19b3493\" data-element_type=\"widget\" data-e-type=\"widget\" data-widget_type=\"text-editor.default\">\n\t\t\t\t<div class=\"elementor-widget-container\">\n\t\t\t\t\t\t\t\t\t<p><strong>Dot.Bit d.o.o.<\/strong><br \/>Adresa: Stubi\u010dka ulica 48a<br \/>10110 Zagreb, Croatia<br \/>E-mail: <a href=\"mailto:info@dotbit.eu\">info@dotbit.eu<\/a><\/p><p>OIB: 02827135709<br \/>MB: 5092434<br \/>VAT : HR02827135709<\/p>\t\t\t\t\t\t\t\t<\/div>\n\t\t\t\t<\/div>\n\t\t\t\t\t<\/div>\n\t\t<\/div>\n\t\t\t\t<div class=\"elementor-column elementor-col-50 elementor-top-column elementor-element elementor-element-f59f923\" data-id=\"f59f923\" data-element_type=\"column\" data-e-type=\"column\">\n\t\t\t<div class=\"elementor-widget-wrap elementor-element-populated\">\n\t\t\t\t\t\t<div class=\"elementor-element elementor-element-b8c3633 elementor-widget elementor-widget-text-editor\" data-id=\"b8c3633\" data-element_type=\"widget\" data-e-type=\"widget\" data-widget_type=\"text-editor.default\">\n\t\t\t\t<div class=\"elementor-widget-container\">\n\t\t\t\t\t\t\t\t\t<p>Tvrtka registrirana pri Trgova\u010dkom sudu u Zagrebu.<br \/>Broj registra u trgova\u010dkom sudu (MBS): 081239783<\/p><p>Broj bankovnog ra\u010duna u Erste &amp; Steierm\u00e4rkische Bank d.d.<br \/>IBAN HR1724020061100924696<\/p><p>\u00a0<\/p>\t\t\t\t\t\t\t\t<\/div>\n\t\t\t\t<\/div>\n\t\t\t\t\t<\/div>\n\t\t<\/div>\n\t\t\t\t\t<\/div>\n\t\t<\/section>\n\t\t\t\t<\/div>\n\t\t","protected":false},"excerpt":{"rendered":"<p>O nama Tko smo? Dot.Bit je privatna hrvatska tvrtka sa sjedi\u0161tem u Zagrebu. Iako smo relativno mladi na tr\u017ei\u0161tu, na\u0161a povijest se\u017ee sve do 1997. godine i tvrtke koja se bavila profesionalnom elektronikom i ra\u010dunalima. Na tim temeljima, te na dugogodi\u0161njem iskustvu u informacijskoj tehnologiji i sigurnosti ste\u010denom u raznim industrijama, a posebno u industriji [&hellip;]<\/p>\n","protected":false},"author":1,"featured_media":0,"parent":0,"menu_order":0,"comment_status":"closed","ping_status":"closed","template":"","meta":{"inline_featured_image":false,"footnotes":""},"class_list":["post-69","page","type-page","status-publish","hentry"],"_links":{"self":[{"href":"https:\/\/dotbit.eu\/hr\/wp-json\/wp\/v2\/pages\/69","targetHints":{"allow":["GET"]}}],"collection":[{"href":"https:\/\/dotbit.eu\/hr\/wp-json\/wp\/v2\/pages"}],"about":[{"href":"https:\/\/dotbit.eu\/hr\/wp-json\/wp\/v2\/types\/page"}],"author":[{"embeddable":true,"href":"https:\/\/dotbit.eu\/hr\/wp-json\/wp\/v2\/users\/1"}],"replies":[{"embeddable":true,"href":"https:\/\/dotbit.eu\/hr\/wp-json\/wp\/v2\/comments?post=69"}],"version-history":[{"count":32,"href":"https:\/\/dotbit.eu\/hr\/wp-json\/wp\/v2\/pages\/69\/revisions"}],"predecessor-version":[{"id":2310,"href":"https:\/\/dotbit.eu\/hr\/wp-json\/wp\/v2\/pages\/69\/revisions\/2310"}],"wp:attachment":[{"href":"https:\/\/dotbit.eu\/hr\/wp-json\/wp\/v2\/media?parent=69"}],"curies":[{"name":"wp","href":"https:\/\/api.w.org\/{rel}","templated":true}]}}