{"id":905,"date":"2021-07-05T14:32:25","date_gmt":"2021-07-05T14:32:25","guid":{"rendered":"https:\/\/dotbit.eu\/hr\/?page_id=905"},"modified":"2021-10-27T10:18:01","modified_gmt":"2021-10-27T08:18:01","slug":"asv","status":"publish","type":"page","link":"https:\/\/dotbit.eu\/hr\/asv\/","title":{"rendered":"Vulnerability assessments &#038; PCI DSS ASVs"},"content":{"rendered":"\t\t<div data-elementor-type=\"wp-page\" data-elementor-id=\"905\" class=\"elementor elementor-905\" data-elementor-post-type=\"page\">\n\t\t\t\t\t\t<section class=\"elementor-section elementor-top-section elementor-element elementor-element-5748016b elementor-section-height-min-height elementor-section-content-middle elementor-section-boxed elementor-section-height-default elementor-section-items-middle\" data-id=\"5748016b\" data-element_type=\"section\" data-e-type=\"section\" data-settings=\"{&quot;background_background&quot;:&quot;classic&quot;}\">\n\t\t\t\t\t\t\t<div class=\"elementor-background-overlay\"><\/div>\n\t\t\t\t\t\t\t<div class=\"elementor-container elementor-column-gap-default\">\n\t\t\t\t\t<div class=\"elementor-column elementor-col-100 elementor-top-column elementor-element elementor-element-66ab4c34\" data-id=\"66ab4c34\" data-element_type=\"column\" data-e-type=\"column\">\n\t\t\t<div class=\"elementor-widget-wrap elementor-element-populated\">\n\t\t\t\t\t\t<div class=\"elementor-element elementor-element-659ed18c hero-headline elementor-widget elementor-widget-heading\" data-id=\"659ed18c\" data-element_type=\"widget\" data-e-type=\"widget\" data-widget_type=\"heading.default\">\n\t\t\t\t<div class=\"elementor-widget-container\">\n\t\t\t\t\t<h1 class=\"elementor-heading-title elementor-size-default\">Penetracijsko testiranje\n<\/h1>\t\t\t\t<\/div>\n\t\t\t\t<\/div>\n\t\t\t\t\t<\/div>\n\t\t<\/div>\n\t\t\t\t\t<\/div>\n\t\t<\/section>\n\t\t\t\t<section class=\"elementor-section elementor-top-section elementor-element elementor-element-49520823 elementor-section-height-min-height elementor-section-content-middle elementor-section-boxed elementor-section-height-default elementor-section-items-middle\" data-id=\"49520823\" data-element_type=\"section\" data-e-type=\"section\" data-settings=\"{&quot;background_background&quot;:&quot;classic&quot;}\">\n\t\t\t\t\t\t<div class=\"elementor-container elementor-column-gap-default\">\n\t\t\t\t\t<div class=\"elementor-column elementor-col-50 elementor-top-column elementor-element elementor-element-3e453f44 bread\" data-id=\"3e453f44\" data-element_type=\"column\" data-e-type=\"column\">\n\t\t\t<div class=\"elementor-widget-wrap elementor-element-populated\">\n\t\t\t\t\t\t<div class=\"elementor-element elementor-element-84d9c0f elementor-widget elementor-widget-html\" data-id=\"84d9c0f\" data-element_type=\"widget\" data-e-type=\"widget\" data-widget_type=\"html.default\">\n\t\t\t\t<div class=\"elementor-widget-container\">\n\t\t\t\t\t<nav aria-label=\"breadcrumbs\" class=\"rank-math-breadcrumb\"><p><span class=\"last\">Naslovna<\/span><\/p><\/nav>\t\t\t\t<\/div>\n\t\t\t\t<\/div>\n\t\t\t\t\t<\/div>\n\t\t<\/div>\n\t\t\t\t<div class=\"elementor-column elementor-col-50 elementor-top-column elementor-element elementor-element-1995b490\" data-id=\"1995b490\" data-element_type=\"column\" data-e-type=\"column\" data-settings=\"{&quot;background_background&quot;:&quot;classic&quot;}\">\n\t\t\t<div class=\"elementor-widget-wrap\">\n\t\t\t\t\t\t\t<\/div>\n\t\t<\/div>\n\t\t\t\t\t<\/div>\n\t\t<\/section>\n\t\t\t\t<section class=\"elementor-section elementor-top-section elementor-element elementor-element-f3bae89 elementor-section-boxed elementor-section-height-default elementor-section-height-default\" data-id=\"f3bae89\" data-element_type=\"section\" data-e-type=\"section\" data-settings=\"{&quot;background_background&quot;:&quot;classic&quot;,&quot;shape_divider_top&quot;:&quot;waves&quot;,&quot;shape_divider_top_negative&quot;:&quot;yes&quot;,&quot;shape_divider_bottom&quot;:&quot;arrow&quot;,&quot;shape_divider_bottom_negative&quot;:&quot;yes&quot;}\">\n\t\t\t\t\t<div class=\"elementor-shape elementor-shape-top\" aria-hidden=\"true\" data-negative=\"true\">\n\t\t\t<svg xmlns=\"http:\/\/www.w3.org\/2000\/svg\" viewBox=\"0 0 1000 100\" preserveAspectRatio=\"none\">\n\t<path class=\"elementor-shape-fill\" d=\"M790.5,93.1c-59.3-5.3-116.8-18-192.6-50c-29.6-12.7-76.9-31-100.5-35.9c-23.6-4.9-52.6-7.8-75.5-5.3\n\tc-10.2,1.1-22.6,1.4-50.1,7.4c-27.2,6.3-58.2,16.6-79.4,24.7c-41.3,15.9-94.9,21.9-134,22.6C72,58.2,0,25.8,0,25.8V100h1000V65.3\n\tc0,0-51.5,19.4-106.2,25.7C839.5,97,814.1,95.2,790.5,93.1z\"\/>\n<\/svg>\t\t<\/div>\n\t\t\t\t<div class=\"elementor-shape elementor-shape-bottom\" aria-hidden=\"true\" data-negative=\"true\">\n\t\t\t<svg xmlns=\"http:\/\/www.w3.org\/2000\/svg\" viewBox=\"0 0 700 10\" preserveAspectRatio=\"none\">\n\t<path class=\"elementor-shape-fill\" d=\"M360 0L350 9.9 340 0 0 0 0 10 700 10 700 0\"\/>\n<\/svg>\t\t<\/div>\n\t\t\t\t\t<div class=\"elementor-container elementor-column-gap-default\">\n\t\t\t\t\t<div class=\"elementor-column elementor-col-100 elementor-top-column elementor-element elementor-element-8e929e3\" data-id=\"8e929e3\" data-element_type=\"column\" data-e-type=\"column\">\n\t\t\t<div class=\"elementor-widget-wrap elementor-element-populated\">\n\t\t\t\t\t\t<div class=\"elementor-element elementor-element-408e21a elementor-widget elementor-widget-toggle\" data-id=\"408e21a\" data-element_type=\"widget\" data-e-type=\"widget\" data-widget_type=\"toggle.default\">\n\t\t\t\t<div class=\"elementor-widget-container\">\n\t\t\t\t\t\t\t<div class=\"elementor-toggle\">\n\t\t\t\t\t\t\t<div class=\"elementor-toggle-item\">\n\t\t\t\t\t<div id=\"elementor-tab-title-6761\" class=\"elementor-tab-title\" data-tab=\"1\" role=\"button\" aria-controls=\"elementor-tab-content-6761\" aria-expanded=\"false\">\n\t\t\t\t\t\t\t\t\t\t\t\t<span class=\"elementor-toggle-icon elementor-toggle-icon-left\" aria-hidden=\"true\">\n\t\t\t\t\t\t\t\t\t\t\t\t\t\t\t<span class=\"elementor-toggle-icon-closed\"><i class=\"fas fa-caret-right\"><\/i><\/span>\n\t\t\t\t\t\t\t\t<span class=\"elementor-toggle-icon-opened\"><i class=\"elementor-toggle-icon-opened fas fa-caret-up\"><\/i><\/span>\n\t\t\t\t\t\t\t\t\t\t\t\t\t<\/span>\n\t\t\t\t\t\t\t\t\t\t\t\t<a class=\"elementor-toggle-title\" tabindex=\"0\">Penetracijsko testiranje<\/a>\n\t\t\t\t\t<\/div>\n\n\t\t\t\t\t<div id=\"elementor-tab-content-6761\" class=\"elementor-tab-content elementor-clearfix\" data-tab=\"1\" role=\"region\" aria-labelledby=\"elementor-tab-title-6761\"><p>Penetracijsko testiranje sustavni je proces ispitivanja ranjivosti u mre\u017enoj infrastrukturi i aplikacijama. U osnovi to je kontrolirani oblik hakiranja &#8211; &#8220;napada\u010di&#8221; djeluju u va\u0161e ime kako bi prona\u0161li i testirali slabosti koje bi ina\u010de kriminalci mogli iskoristiti. Iskusni certificirani konzultanti koriste tehnike koje koriste i kriminalci, ali bez \u0161tete po va\u0161e podatke i infrastrukturu \u0161to omogu\u0107uje rje\u0161avanje sigurnosnih propusta koji va\u0161u organizaciju \u010dine ranjivom.<\/p><p>Ovdje smo da vam pomognemo testirati va\u0161u okolinu, te identificirati ranjivosti prije nego \u0161to to u\u010dine drugi i pobrinuti se da ostanete za\u0161ti\u0107eni.<\/p><\/div>\n\t\t\t\t<\/div>\n\t\t\t\t\t\t\t<div class=\"elementor-toggle-item\">\n\t\t\t\t\t<div id=\"elementor-tab-title-6762\" class=\"elementor-tab-title\" data-tab=\"2\" role=\"button\" aria-controls=\"elementor-tab-content-6762\" aria-expanded=\"false\">\n\t\t\t\t\t\t\t\t\t\t\t\t<span class=\"elementor-toggle-icon elementor-toggle-icon-left\" aria-hidden=\"true\">\n\t\t\t\t\t\t\t\t\t\t\t\t\t\t\t<span class=\"elementor-toggle-icon-closed\"><i class=\"fas fa-caret-right\"><\/i><\/span>\n\t\t\t\t\t\t\t\t<span class=\"elementor-toggle-icon-opened\"><i class=\"elementor-toggle-icon-opened fas fa-caret-up\"><\/i><\/span>\n\t\t\t\t\t\t\t\t\t\t\t\t\t<\/span>\n\t\t\t\t\t\t\t\t\t\t\t\t<a class=\"elementor-toggle-title\" tabindex=\"0\">PROCJENE RANJIVOSTI<\/a>\n\t\t\t\t\t<\/div>\n\n\t\t\t\t\t<div id=\"elementor-tab-content-6762\" class=\"elementor-tab-content elementor-clearfix\" data-tab=\"2\" role=\"region\" aria-labelledby=\"elementor-tab-title-6762\"><p>Sva infromacijska tehnologija podlo\u017ena je sigurnosnim ranjivostima, bilo da su posljedica gre\u0161aka u dizajnu ili lo\u0161e konfiguriranih i odr\u017eavanih sustava. U dana\u0161nje vrijeme i vi\u0161e nego ikad prije, sa sve ve\u0107om slo\u017eeno\u0161\u0107u IT sustava i aplikacija, nalazi se sve vi\u0161e ranjivosti koje je te\u017ee otkriti i pratiti \u0161to ih \u010dini privla\u010dnim za napada\u010de.<br \/><br \/>Zbog toga je va\u017eno pravodobno identificirati, kvantificirati, odrediti prioritete i upravljati ranjivostima u va\u0161em IT okru\u017eenju. Kad je va\u0161a infromacijska tehnologija ranjiva i uz sveprisutne prijetnje, rizici kompromitacije podataka i infrastrukture drasti\u010dno rastu!<\/p><\/div>\n\t\t\t\t<\/div>\n\t\t\t\t\t\t\t<div class=\"elementor-toggle-item\">\n\t\t\t\t\t<div id=\"elementor-tab-title-6763\" class=\"elementor-tab-title\" data-tab=\"3\" role=\"button\" aria-controls=\"elementor-tab-content-6763\" aria-expanded=\"false\">\n\t\t\t\t\t\t\t\t\t\t\t\t<span class=\"elementor-toggle-icon elementor-toggle-icon-left\" aria-hidden=\"true\">\n\t\t\t\t\t\t\t\t\t\t\t\t\t\t\t<span class=\"elementor-toggle-icon-closed\"><i class=\"fas fa-caret-right\"><\/i><\/span>\n\t\t\t\t\t\t\t\t<span class=\"elementor-toggle-icon-opened\"><i class=\"elementor-toggle-icon-opened fas fa-caret-up\"><\/i><\/span>\n\t\t\t\t\t\t\t\t\t\t\t\t\t<\/span>\n\t\t\t\t\t\t\t\t\t\t\t\t<a class=\"elementor-toggle-title\" tabindex=\"0\">PCI DSS ASV<\/a>\n\t\t\t\t\t<\/div>\n\n\t\t\t\t\t<div id=\"elementor-tab-content-6763\" class=\"elementor-tab-content elementor-clearfix\" data-tab=\"3\" role=\"region\" aria-labelledby=\"elementor-tab-title-6763\"><p>PCI DSS zahtjev 11.2 zahtijeva skeniranje ranjivosti interne i vanjske mre\u017ee najmanje kvartalno i nakon bilo kakve zna\u010dajne promjene na mre\u017ei (kao \u0161to su instalacije novih komponenti sustava, promjene topologije mre\u017ee, izmjene pravila vatrozida, nadogradnje proizvoda).<br \/><br \/>Osim toga, ako postoje neke vanjske mre\u017ee i sustavi uklju\u010deni u va\u0161e PCI okru\u017eenje, ispunjavanje PCI DSS zahtjeva 11.2.2 je obavezno. Potrebno je kvartalno ASV skeniranje vanjskih ranjivosti putem dobavlja\u010da odobrenog od strane Vije\u0107a za standarde industrije platnih kartica (PCI SSC). Za postizanje PCI DSS sukladnosti potrebna su \u010detri prolazna izvje\u0161taja, jedan za svaki kvartal.<\/p><\/div>\n\t\t\t\t<\/div>\n\t\t\t\t\t\t\t\t\t\t<script type=\"application\/ld+json\">{\"@context\":\"https:\\\/\\\/schema.org\",\"@type\":\"FAQPage\",\"mainEntity\":[{\"@type\":\"Question\",\"name\":\"Penetracijsko testiranje\",\"acceptedAnswer\":{\"@type\":\"Answer\",\"text\":\"<p>Penetracijsko testiranje sustavni je proces ispitivanja ranjivosti u mre\\u017enoj infrastrukturi i aplikacijama. U osnovi to je kontrolirani oblik hakiranja &#8211; &#8220;napada\\u010di&#8221; djeluju u va\\u0161e ime kako bi prona\\u0161li i testirali slabosti koje bi ina\\u010de kriminalci mogli iskoristiti. Iskusni certificirani konzultanti koriste tehnike koje koriste i kriminalci, ali bez \\u0161tete po va\\u0161e podatke i infrastrukturu \\u0161to omogu\\u0107uje rje\\u0161avanje sigurnosnih propusta koji va\\u0161u organizaciju \\u010dine ranjivom.<\\\/p><p>Ovdje smo da vam pomognemo testirati va\\u0161u okolinu, te identificirati ranjivosti prije nego \\u0161to to u\\u010dine drugi i pobrinuti se da ostanete za\\u0161ti\\u0107eni.<\\\/p>\"}},{\"@type\":\"Question\",\"name\":\"PROCJENE RANJIVOSTI\",\"acceptedAnswer\":{\"@type\":\"Answer\",\"text\":\"<p>Sva infromacijska tehnologija podlo\\u017ena je sigurnosnim ranjivostima, bilo da su posljedica gre\\u0161aka u dizajnu ili lo\\u0161e konfiguriranih i odr\\u017eavanih sustava. U dana\\u0161nje vrijeme i vi\\u0161e nego ikad prije, sa sve ve\\u0107om slo\\u017eeno\\u0161\\u0107u IT sustava i aplikacija, nalazi se sve vi\\u0161e ranjivosti koje je te\\u017ee otkriti i pratiti \\u0161to ih \\u010dini privla\\u010dnim za napada\\u010de.<br \\\/><br \\\/>Zbog toga je va\\u017eno pravodobno identificirati, kvantificirati, odrediti prioritete i upravljati ranjivostima u va\\u0161em IT okru\\u017eenju. Kad je va\\u0161a infromacijska tehnologija ranjiva i uz sveprisutne prijetnje, rizici kompromitacije podataka i infrastrukture drasti\\u010dno rastu!<\\\/p>\"}},{\"@type\":\"Question\",\"name\":\"PCI DSS ASV\",\"acceptedAnswer\":{\"@type\":\"Answer\",\"text\":\"<p>PCI DSS zahtjev 11.2 zahtijeva skeniranje ranjivosti interne i vanjske mre\\u017ee najmanje kvartalno i nakon bilo kakve zna\\u010dajne promjene na mre\\u017ei (kao \\u0161to su instalacije novih komponenti sustava, promjene topologije mre\\u017ee, izmjene pravila vatrozida, nadogradnje proizvoda).<br \\\/><br \\\/>Osim toga, ako postoje neke vanjske mre\\u017ee i sustavi uklju\\u010deni u va\\u0161e PCI okru\\u017eenje, ispunjavanje PCI DSS zahtjeva 11.2.2 je obavezno. Potrebno je kvartalno ASV skeniranje vanjskih ranjivosti putem dobavlja\\u010da odobrenog od strane Vije\\u0107a za standarde industrije platnih kartica (PCI SSC). Za postizanje PCI DSS sukladnosti potrebna su \\u010detri prolazna izvje\\u0161taja, jedan za svaki kvartal.<\\\/p>\"}}]}<\/script>\n\t\t\t\t\t<\/div>\n\t\t\t\t\t\t<\/div>\n\t\t\t\t<\/div>\n\t\t\t\t\t<\/div>\n\t\t<\/div>\n\t\t\t\t\t<\/div>\n\t\t<\/section>\n\t\t\t\t<section class=\"elementor-section elementor-top-section elementor-element elementor-element-8d38f2b elementor-section-boxed elementor-section-height-default elementor-section-height-default\" data-id=\"8d38f2b\" data-element_type=\"section\" data-e-type=\"section\">\n\t\t\t\t\t\t<div class=\"elementor-container elementor-column-gap-default\">\n\t\t\t\t\t<div class=\"elementor-column elementor-col-100 elementor-top-column elementor-element elementor-element-afab5c9\" data-id=\"afab5c9\" data-element_type=\"column\" data-e-type=\"column\">\n\t\t\t<div class=\"elementor-widget-wrap elementor-element-populated\">\n\t\t\t\t\t\t<div class=\"elementor-element elementor-element-caeac6f elementor-widget elementor-widget-image\" data-id=\"caeac6f\" data-element_type=\"widget\" data-e-type=\"widget\" data-widget_type=\"image.default\">\n\t\t\t\t<div class=\"elementor-widget-container\">\n\t\t\t\t\t\t\t\t\t\t\t\t\t\t\t<img decoding=\"async\" src=\"https:\/\/dotbit.eu\/hr\/wp-content\/uploads\/2021\/04\/Dot.Bit-color.svg\" title=\"Dot.Bit-color\" alt=\"Dot.Bit-color\" loading=\"lazy\" \/>\t\t\t\t\t\t\t\t\t\t\t\t\t\t\t<\/div>\n\t\t\t\t<\/div>\n\t\t\t\t\t<\/div>\n\t\t<\/div>\n\t\t\t\t\t<\/div>\n\t\t<\/section>\n\t\t\t\t<section class=\"elementor-section elementor-top-section elementor-element elementor-element-20b863ca elementor-section-height-min-height elementor-section-boxed elementor-section-height-default elementor-section-items-middle\" data-id=\"20b863ca\" data-element_type=\"section\" data-e-type=\"section\" data-settings=\"{&quot;background_background&quot;:&quot;classic&quot;,&quot;shape_divider_top&quot;:&quot;arrow&quot;,&quot;shape_divider_top_negative&quot;:&quot;yes&quot;}\">\n\t\t\t\t\t<div class=\"elementor-shape elementor-shape-top\" aria-hidden=\"true\" data-negative=\"true\">\n\t\t\t<svg xmlns=\"http:\/\/www.w3.org\/2000\/svg\" viewBox=\"0 0 700 10\" preserveAspectRatio=\"none\">\n\t<path class=\"elementor-shape-fill\" d=\"M360 0L350 9.9 340 0 0 0 0 10 700 10 700 0\"\/>\n<\/svg>\t\t<\/div>\n\t\t\t\t\t<div class=\"elementor-container elementor-column-gap-default\">\n\t\t\t\t\t<div class=\"elementor-column elementor-col-100 elementor-top-column elementor-element elementor-element-41428836\" data-id=\"41428836\" data-element_type=\"column\" data-e-type=\"column\">\n\t\t\t<div class=\"elementor-widget-wrap elementor-element-populated\">\n\t\t\t\t\t\t<div class=\"elementor-element elementor-element-79108b47 elementor-widget elementor-widget-heading\" data-id=\"79108b47\" data-element_type=\"widget\" data-e-type=\"widget\" data-widget_type=\"heading.default\">\n\t\t\t\t<div class=\"elementor-widget-container\">\n\t\t\t\t\t<p class=\"elementor-heading-title elementor-size-default\">Saznajte vi\u0161e<\/p>\t\t\t\t<\/div>\n\t\t\t\t<\/div>\n\t\t\t\t<div class=\"elementor-element elementor-element-8a3ad28 elementor-widget elementor-widget-text-editor\" data-id=\"8a3ad28\" data-element_type=\"widget\" data-e-type=\"widget\" data-widget_type=\"text-editor.default\">\n\t\t\t\t<div class=\"elementor-widget-container\">\n\t\t\t\t\t\t\t\t\t<p>Vi imate pitanja, mi imamo odgovore!<br \/>Slobodno nas kontaktirajte kako biste saznali vi\u0161e o na\u0161im rje\u0161enjima i uslugama.<\/p>\t\t\t\t\t\t\t\t<\/div>\n\t\t\t\t<\/div>\n\t\t\t\t<div class=\"elementor-element elementor-element-22da592e elementor-align-center elementor-widget elementor-widget-button\" data-id=\"22da592e\" data-element_type=\"widget\" data-e-type=\"widget\" data-widget_type=\"button.default\">\n\t\t\t\t<div class=\"elementor-widget-container\">\n\t\t\t\t\t\t\t\t\t<div class=\"elementor-button-wrapper\">\n\t\t\t\t\t<a class=\"elementor-button elementor-button-link elementor-size-md\" href=\"https:\/\/dotbit.eu\/hr\/kontakt\/\">\n\t\t\t\t\t\t<span class=\"elementor-button-content-wrapper\">\n\t\t\t\t\t\t\t\t\t<span class=\"elementor-button-text\">Pitajte nas<\/span>\n\t\t\t\t\t<\/span>\n\t\t\t\t\t<\/a>\n\t\t\t\t<\/div>\n\t\t\t\t\t\t\t\t<\/div>\n\t\t\t\t<\/div>\n\t\t\t\t\t<\/div>\n\t\t<\/div>\n\t\t\t\t\t<\/div>\n\t\t<\/section>\n\t\t\t\t<\/div>\n\t\t","protected":false},"excerpt":{"rendered":"<p>Penetracijsko testiranje Penetracijsko testiranje Penetracijsko testiranje sustavni je proces ispitivanja ranjivosti u mre\u017enoj infrastrukturi i aplikacijama. U osnovi to je kontrolirani oblik hakiranja &#8211; &#8220;napada\u010di&#8221; djeluju u va\u0161e ime kako bi prona\u0161li i testirali slabosti koje bi ina\u010de kriminalci mogli iskoristiti. Iskusni certificirani konzultanti koriste tehnike koje koriste i kriminalci, ali bez \u0161tete po va\u0161e [&hellip;]<\/p>\n","protected":false},"author":1,"featured_media":0,"parent":0,"menu_order":0,"comment_status":"closed","ping_status":"closed","template":"","meta":{"inline_featured_image":false,"footnotes":""},"class_list":["post-905","page","type-page","status-publish","hentry"],"_links":{"self":[{"href":"https:\/\/dotbit.eu\/hr\/wp-json\/wp\/v2\/pages\/905","targetHints":{"allow":["GET"]}}],"collection":[{"href":"https:\/\/dotbit.eu\/hr\/wp-json\/wp\/v2\/pages"}],"about":[{"href":"https:\/\/dotbit.eu\/hr\/wp-json\/wp\/v2\/types\/page"}],"author":[{"embeddable":true,"href":"https:\/\/dotbit.eu\/hr\/wp-json\/wp\/v2\/users\/1"}],"replies":[{"embeddable":true,"href":"https:\/\/dotbit.eu\/hr\/wp-json\/wp\/v2\/comments?post=905"}],"version-history":[{"count":70,"href":"https:\/\/dotbit.eu\/hr\/wp-json\/wp\/v2\/pages\/905\/revisions"}],"predecessor-version":[{"id":2332,"href":"https:\/\/dotbit.eu\/hr\/wp-json\/wp\/v2\/pages\/905\/revisions\/2332"}],"wp:attachment":[{"href":"https:\/\/dotbit.eu\/hr\/wp-json\/wp\/v2\/media?parent=905"}],"curies":[{"name":"wp","href":"https:\/\/api.w.org\/{rel}","templated":true}]}}